{"id":2276,"date":"2019-12-03T16:34:59","date_gmt":"2019-12-03T15:34:59","guid":{"rendered":"https:\/\/www.jetuil.asso.fr\/?page_id=2276"},"modified":"2026-04-15T11:57:37","modified_gmt":"2026-04-15T09:57:37","slug":"formation-dequipes","status":"publish","type":"page","link":"https:\/\/www.jetuil.asso.fr\/index.php\/formation-dequipes\/","title":{"rendered":"Formation d&#8217;\u00e9quipes"},"content":{"rendered":"\n<div style=\"height:50px\" aria-hidden=\"true\" class=\"wp-block-spacer\"><\/div>\n\n\n\n<div class=\"wp-block-media-text alignwide jetuil_width80\" style=\"grid-template-columns:10% auto\"><figure class=\"wp-block-media-text__media\"><img loading=\"lazy\" width=\"87\" height=\"152\" src=\"https:\/\/www.jetuil.asso.fr\/wp-content\/uploads\/2021\/01\/logoJTL-fl\u00e8ches.jpg\" alt=\"\" class=\"wp-image-5588 size-full\"\/><\/figure><div class=\"wp-block-media-text__content\">\n<h1 class=\"has-text-align-left\"><strong>Formation d&#8217;\u00e9quipes<\/strong><\/h1>\n\n\n\n<p class=\"jetuil_width80 jetuil_font27\">Pour favoriser la mise en place d\u2019une <strong>action d\u2019\u00e9ducation \u00e0 la responsabilit\u00e9<\/strong> <strong>sexuelle et affective <\/strong>dans un but de pr\u00e9vention des violences et des conduites \u00e0 risque.<\/p>\n\n\n\n<p><\/p>\n<\/div><\/div>\n\n\n\n<div style=\"height:30px\" aria-hidden=\"true\" class=\"wp-block-spacer\"><\/div>\n\n\n\n<p class=\"jetuil_width80 jetuil_font21\">Nos formations interactives s\u2019appuient notamment sur <strong>des documents p\u00e9dagogiques<\/strong> \u00e9crits et <strong>des outils audiovisuels<\/strong> con\u00e7us par l\u2019association (interventions de professionnels, programmes, documentaires).<\/p>\n\n\n\n<p class=\"jetuil_width80 jetuil_font21\">Elles s\u2019adressent \u00e0 l\u2019ensemble des <strong>professionnels de l\u2019\u00e9ducation<\/strong>, qu\u2019ils soient issus de l\u2019Education Nationale, de la Protection judiciaire de la jeunesse ou des associations.<\/p>\n\n\n\n<p class=\"jetuil_width80 jetuil_font21\">Elles se d\u00e9roulent <strong>sur site<\/strong>, <strong>sur deux ou trois journ\u00e9es<\/strong> en fonction de la demande, et peuvent se faire \u00e0 partir d\u2019un des deux programmes ou sur l\u2019articulation des deux.<\/p>\n\n\n\n<div style=\"height:30px\" aria-hidden=\"true\" class=\"wp-block-spacer\"><\/div>\n\n\n\n<div class=\"wp-block-file jetuil_width80 jetuil_font21\"><a href=\"https:\/\/www.jetuil.asso.fr\/wp-content\/uploads\/2025\/02\/certificat-B05996_0F4TKFKQ3C0PH.pdf\" target=\"_blank\" rel=\"noreferrer noopener\">Certification QUALIOPI<\/a><a href=\"https:\/\/www.jetuil.asso.fr\/wp-content\/uploads\/2025\/02\/certificat-B05996_0F4TKFKQ3C0PH.pdf\" class=\"wp-block-file__button\" download>T\u00e9l\u00e9charger<\/a><\/div>\n\n\n\n<div class=\"wp-block-file jetuil_width80 jetuil_font21\"><a href=\"https:\/\/www.jetuil.asso.fr\/wp-content\/uploads\/2026\/04\/BILAN-DES-FORMATIONS-2025.pdf\" target=\"_blank\" rel=\"noreferrer noopener\">Bilan quantitatif et qualitatif des formations \/ 2025<\/a><a href=\"https:\/\/www.jetuil.asso.fr\/wp-content\/uploads\/2026\/04\/BILAN-DES-FORMATIONS-2025.pdf\" class=\"wp-block-file__button\" download>T\u00e9l\u00e9charger<\/a><\/div>\n\n\n\n<div style=\"height:20px\" aria-hidden=\"true\" class=\"wp-block-spacer\"><\/div>\n\n\n\n<blockquote class=\"wp-block-quote has-text-align-left jetuil_width66 jetuil_font27\"><p>Le principe de nos formations&nbsp;:&nbsp;Des <strong>\u00e9l\u00e9ments th\u00e9oriques<\/strong>&nbsp;et un <strong>outillage pratique<\/strong> pour appr\u00e9hender le sens et la port\u00e9e p\u00e9dagogique d\u2019une action \u00e0 mettre en place avec des adolescents.<\/p><\/blockquote>\n\n\n\n<div style=\"height:50px\" aria-hidden=\"true\" class=\"wp-block-spacer\"><\/div>\n\n\n\n<div class=\"wp-block-columns are-vertically-aligned-center\">\n<div class=\"wp-block-column is-vertically-aligned-center\">\n<div class=\"wp-block-media-text alignwide\"><figure class=\"wp-block-media-text__media\"><img loading=\"lazy\" width=\"721\" height=\"1024\" src=\"https:\/\/www.jetuil.asso.fr\/wp-content\/uploads\/2019\/09\/affiche-a3-1709-721x1024.jpg\" alt=\"\" class=\"wp-image-1032 size-full\" srcset=\"https:\/\/www.jetuil.asso.fr\/wp-content\/uploads\/2019\/09\/affiche-a3-1709-721x1024.jpg 721w, https:\/\/www.jetuil.asso.fr\/wp-content\/uploads\/2019\/09\/affiche-a3-1709-211x300.jpg 211w, https:\/\/www.jetuil.asso.fr\/wp-content\/uploads\/2019\/09\/affiche-a3-1709-768x1091.jpg 768w, https:\/\/www.jetuil.asso.fr\/wp-content\/uploads\/2019\/09\/affiche-a3-1709-600x852.jpg 600w, https:\/\/www.jetuil.asso.fr\/wp-content\/uploads\/2019\/09\/affiche-a3-1709.jpg 1760w\" sizes=\"(max-width: 721px) 100vw, 721px\" \/><\/figure><div class=\"wp-block-media-text__content\">\n<p class=\"jetuil_font21 has-large-font-size\"><strong><a href=\"https:\/\/www.jetuil.asso.fr\/index.php\/la-formation-en-visage\/\">La formation &#8220;EN VISAGE&#8221;<\/a><\/strong><\/p>\n\n\n\n<p><strong><em>Mise en place d\u2019une action d\u2019\u00e9ducation \u00e0 la responsabilit\u00e9 sexuelle, affective et citoyenne dans le cadre de la Promotion de la sant\u00e9 \u00e0 l\u2019adolescence \u00e0 partir de l\u2019outil de m\u00e9diation \u00ab EN VISAGE \u00bb<\/em><\/strong>.<\/p>\n<\/div><\/div>\n<\/div>\n\n\n\n<div class=\"wp-block-column is-vertically-aligned-center\">\n<div class=\"wp-block-media-text alignwide\"><figure class=\"wp-block-media-text__media\"><img loading=\"lazy\" width=\"696\" height=\"1024\" src=\"https:\/\/www.jetuil.asso.fr\/wp-content\/uploads\/2019\/09\/pochette-dvd-Ce-Je-e1568908982332-696x1024.jpg\" alt=\"\" class=\"wp-image-804 size-full\"\/><\/figure><div class=\"wp-block-media-text__content\">\n<p class=\"jetuil_font21 has-large-font-size\"><strong><a href=\"https:\/\/www.jetuil.asso.fr\/index.php\/la-formation-ce-jeu-entre-nous\/\">La formation &#8220;Ce Je(u) entre nous&#8221;<\/a><\/strong><\/p>\n\n\n\n<p><strong><em>L\u2019\u00e9ducation \u00e0 la responsabilit\u00e9 sexuelle et affective<br>avec des adolescent\u00b7e\u00b7s de plus de 15 ans, \u00e0 partir du programme audiovisuel&nbsp;<\/em>\u00ab&nbsp;<em>Ce Je(u) entre nous&nbsp;<\/em>\u00bb<\/strong>.<\/p>\n<\/div><\/div>\n<\/div>\n\n\n\n<div class=\"wp-block-column is-vertically-aligned-center\">\n<div class=\"wp-block-media-text alignwide\"><figure class=\"wp-block-media-text__media\"><img loading=\"lazy\" width=\"719\" height=\"1024\" src=\"https:\/\/www.jetuil.asso.fr\/wp-content\/uploads\/2023\/04\/COUV-UN-REGARD-small-719x1024.jpg\" alt=\"\" class=\"wp-image-7826 size-full\" srcset=\"https:\/\/www.jetuil.asso.fr\/wp-content\/uploads\/2023\/04\/COUV-UN-REGARD-small-719x1024.jpg 719w, https:\/\/www.jetuil.asso.fr\/wp-content\/uploads\/2023\/04\/COUV-UN-REGARD-small-211x300.jpg 211w, https:\/\/www.jetuil.asso.fr\/wp-content\/uploads\/2023\/04\/COUV-UN-REGARD-small-768x1093.jpg 768w, https:\/\/www.jetuil.asso.fr\/wp-content\/uploads\/2023\/04\/COUV-UN-REGARD-small-600x854.jpg 600w, https:\/\/www.jetuil.asso.fr\/wp-content\/uploads\/2023\/04\/COUV-UN-REGARD-small.jpg 859w\" sizes=\"(max-width: 719px) 100vw, 719px\" \/><\/figure><div class=\"wp-block-media-text__content\">\n<p class=\"jetuil_font21 has-large-font-size\"><strong><a href=\"https:\/\/www.jetuil.asso.fr\/index.php\/la-formation-action\/\">La formation-action<\/a><\/strong><\/p>\n\n\n\n<p><strong><em>L\u2019\u00e9ducation \u00e0 la responsabilit\u00e9 sexuelle, affective et citoyenne au sein d\u2019espaces d\u2019\u00e9change avec les adolescent\u00b7e\u00b7s<\/em><\/strong>.<\/p>\n<\/div><\/div>\n<\/div>\n<\/div>\n\n\n\n<div style=\"height:40px\" aria-hidden=\"true\" class=\"wp-block-spacer\"><\/div>\n\n\n\n<p class=\"jetuil_width80 jetuil_font21\"><strong>Objectif p\u00e9dagogique :<\/strong> R\u00e9unir des professionnels de l\u2019\u00e9ducation, de la pr\u00e9vention et de la protection de l\u2019adolescence autour des questions soulev\u00e9es par l\u2019\u00e9ducation \u00e0 la responsabilit\u00e9 sexuelle et affective de fa\u00e7on \u00e0 construire une culture commune.<\/p>\n\n\n\n<p class=\"jetuil_width80 jetuil_font21\"><strong>Objectif op\u00e9rationnel :<\/strong> Mise en place d\u2019une action d\u2019\u00e9ducation \u00e0 la responsabilit\u00e9 sexuelle et affective et de promotion de la citoyennet\u00e9. Cette action peut \u00eatre assur\u00e9e, d\u00e8s lors qu\u2019ils ont particip\u00e9 \u00e0 la formation, par les professionnels des structures, s\u2019ins\u00e9rant alors dans l\u2019accompagnement au quotidien, ou par des intervenants ext\u00e9rieurs, partenaires du projet \u00e9ducatif.<\/p>\n\n\n\n<p class=\"jetuil_width80 jetuil_font21\"><strong>Informations pratiques :<\/strong> Nos formations se d\u00e9roulent sur site : il reviendra \u00e0 l&#8217;organisme accueillant de mettre \u00e0 disposition les \u00e9l\u00e9ments techniques n\u00e9cessaires au bon d\u00e9roulement de la formation, dont une connexion internet et un support de projection. Nos tarifs varient selon le type de formation et la situation g\u00e9ographique. Un devis peut vous \u00eatre fourni sur simple demande. <\/p>\n\n\n\n<p class=\"jetuil_width80 jetuil_font21\">Aucun&nbsp;<strong>pr\u00e9requis<\/strong>&nbsp;ne conditionne la participation \u00e0 une formation.<\/p>\n\n\n\n<p class=\"jetuil_width80 jetuil_font21\">Nos formations peuvent \u00eatre suivies par des personnes en&nbsp;<strong>situation de handicap<\/strong>.<\/p>\n\n\n\n<p class=\"jetuil_width80 jetuil_font21\"> <\/p>\n\n\n\n<div style=\"height:30px\" aria-hidden=\"true\" class=\"wp-block-spacer\"><\/div>\n\n\n\n<p class=\"has-text-align-center jetuil_width66 jetuil_font27\">A l&#8217;issue de chaque formation, <strong>des codes d&#8217;acc\u00e8s sont remis aux stagiaires<\/strong> afin de leur faire b\u00e9n\u00e9ficier d&#8217;un abonnement initial d&#8217;un an \u00e0 notre site internet, avec acc\u00e8s \u00e0 <strong>l&#8217;int\u00e9gralit\u00e9 des documents p\u00e9dagogiques et des programmes<\/strong>. <\/p>\n\n\n\n<div style=\"height:50px\" aria-hidden=\"true\" class=\"wp-block-spacer\"><\/div>\n\n\n\n<p class=\"has-text-align-center jetuil_width80 jetuil_font21\"><strong>Vous souhaitez en savoir plus sur les d\u00e9roul\u00e9s, les tarifs, les d\u00e9lais ?<\/strong><\/p>\n\n\n\n<div style=\"height:30px\" aria-hidden=\"true\" class=\"wp-block-spacer\"><\/div>\n\n\n\n<div class=\"wp-block-buttons aligncenter\">\n<div class=\"wp-block-button jetuil_width66 is-style-fill\"><a class=\"wp-block-button__link has-pale-cyan-blue-background-color has-background\" href=\"https:\/\/www.jetuil.asso.fr\/index.php\/nous-contacter\/\" target=\"_blank\" rel=\"noreferrer noopener\"><strong>Contactez-nous !<\/strong><\/a><\/div>\n<\/div>\n\n\n\n<div style=\"height:30px\" aria-hidden=\"true\" class=\"wp-block-spacer\"><\/div>\n\n\n\n<p class=\"has-text-align-center jetuil_width80 jetuil_font21\">Vous pouvez \u00e9galement nous \u00e9crire directement \u00e0 l&#8217;adresse <strong>info@jetuil.asso.fr<\/strong> ou nous contacter par t\u00e9l\u00e9phone au 01.42.27.02.27.<\/p>\n\n\n\n<div style=\"height:20px\" aria-hidden=\"true\" class=\"wp-block-spacer\"><\/div>\n\n\n\n<div class=\"wp-block-image\"><figure class=\"aligncenter size-large is-resized\"><img loading=\"lazy\" src=\"https:\/\/www.jetuil.asso.fr\/wp-content\/uploads\/2025\/02\/Capture-decran-2025-02-05-a-12.19.09.png\" alt=\"\" class=\"wp-image-10302\" width=\"399\" height=\"221\" srcset=\"https:\/\/www.jetuil.asso.fr\/wp-content\/uploads\/2025\/02\/Capture-decran-2025-02-05-a-12.19.09.png 686w, https:\/\/www.jetuil.asso.fr\/wp-content\/uploads\/2025\/02\/Capture-decran-2025-02-05-a-12.19.09-300x166.png 300w, https:\/\/www.jetuil.asso.fr\/wp-content\/uploads\/2025\/02\/Capture-decran-2025-02-05-a-12.19.09-600x332.png 600w\" sizes=\"(max-width: 399px) 100vw, 399px\" \/><\/figure><\/div>\n\n\n\n<div class=\"wp-block-image\"><figure class=\"aligncenter is-resized\"><img loading=\"lazy\" src=\"https:\/\/www.jetuil.asso.fr\/wp-content\/uploads\/2019\/09\/images2.png\" alt=\"\" class=\"wp-image-1512\" width=\"89\" height=\"89\" srcset=\"https:\/\/www.jetuil.asso.fr\/wp-content\/uploads\/2019\/09\/images2.png 229w, https:\/\/www.jetuil.asso.fr\/wp-content\/uploads\/2019\/09\/images2-150x150.png 150w, https:\/\/www.jetuil.asso.fr\/wp-content\/uploads\/2019\/09\/images2-100x100.png 100w\" sizes=\"(max-width: 89px) 100vw, 89px\" \/><\/figure><\/div>\n\n\n\n<!-- Begin Sendinblue Form -->\n<!-- START - We recommend to place the below code in head tag of your website html  -->\n<style>\n  @font-face {\n    font-display: block;\n    font-family: Roboto;\n    src: url(https:\/\/assets.sendinblue.com\/font\/Roboto\/Latin\/normal\/normal\/7529907e9eaf8ebb5220c5f9850e3811.woff2) format(\"woff2\"), url(https:\/\/assets.sendinblue.com\/font\/Roboto\/Latin\/normal\/normal\/25c678feafdc175a70922a116c9be3e7.woff) format(\"woff\")\n  }\n\n  @font-face {\n    font-display: fallback;\n    font-family: Roboto;\n    font-weight: 600;\n    src: url(https:\/\/assets.sendinblue.com\/font\/Roboto\/Latin\/medium\/normal\/6e9caeeafb1f3491be3e32744bc30440.woff2) format(\"woff2\"), url(https:\/\/assets.sendinblue.com\/font\/Roboto\/Latin\/medium\/normal\/71501f0d8d5aa95960f6475d5487d4c2.woff) format(\"woff\")\n  }\n\n  @font-face {\n    font-display: fallback;\n    font-family: Roboto;\n    font-weight: 700;\n    src: url(https:\/\/assets.sendinblue.com\/font\/Roboto\/Latin\/bold\/normal\/3ef7cf158f310cf752d5ad08cd0e7e60.woff2) format(\"woff2\"), url(https:\/\/assets.sendinblue.com\/font\/Roboto\/Latin\/bold\/normal\/ece3a1d82f18b60bcce0211725c476aa.woff) format(\"woff\")\n  }\n\n  #sib-container input:-ms-input-placeholder {\n    text-align: left;\n    font-family: \"Helvetica\", sans-serif;\n    color: #c0ccda;\n  }\n\n  #sib-container input::placeholder {\n    text-align: left;\n    font-family: \"Helvetica\", sans-serif;\n    color: #c0ccda;\n  }\n\n  #sib-container textarea::placeholder {\n    text-align: left;\n    font-family: \"Helvetica\", sans-serif;\n    color: #c0ccda;\n  }\n<\/style>\n<link rel=\"stylesheet\" href=\"https:\/\/sibforms.com\/forms\/end-form\/build\/sib-styles.css\">\n<!--  END - We recommend to place the above code in head tag of your website html -->\n\n<!-- START - We recommend to place the below code where you want the form in your website html  -->\n<div class=\"sib-form\" style=\"text-align: center;\n         background-color: #ffffff;                                 \">\n  <div id=\"sib-form-container\" class=\"sib-form-container\">\n    <div id=\"error-message\" class=\"sib-form-message-panel\" style=\"font-size:16px; text-align:left; font-family:&quot;Helvetica&quot;, sans-serif; color:#661d1d; background-color:#ffeded; border-radius:3px; border-color:#ff4949;max-width:540px;\">\n      <div class=\"sib-form-message-panel__text sib-form-message-panel__text--center\">\n        <svg viewBox=\"0 0 512 512\" class=\"sib-icon sib-notification__icon\">\n          <path d=\"M256 40c118.621 0 216 96.075 216 216 0 119.291-96.61 216-216 216-119.244 0-216-96.562-216-216 0-119.203 96.602-216 216-216m0-32C119.043 8 8 119.083 8 256c0 136.997 111.043 248 248 248s248-111.003 248-248C504 119.083 392.957 8 256 8zm-11.49 120h22.979c6.823 0 12.274 5.682 11.99 12.5l-7 168c-.268 6.428-5.556 11.5-11.99 11.5h-8.979c-6.433 0-11.722-5.073-11.99-11.5l-7-168c-.283-6.818 5.167-12.5 11.99-12.5zM256 340c-15.464 0-28 12.536-28 28s12.536 28 28 28 28-12.536 28-28-12.536-28-28-28z\"><\/path>\n        <\/svg>\n        <span class=\"sib-form-message-panel__inner-text\">\n                          Nous n&#8217;avons pas pu confirmer votre inscription.\n                      <\/span>\n      <\/div>\n    <\/div>\n    <div><\/div>\n    <div id=\"success-message\" class=\"sib-form-message-panel\" style=\"font-size:16px; text-align:left; font-family:&quot;Helvetica&quot;, sans-serif; color:#085229; background-color:#e7faf0; border-radius:3px; border-color:#13ce66;max-width:540px;\">\n      <div class=\"sib-form-message-panel__text sib-form-message-panel__text--center\">\n        <svg viewBox=\"0 0 512 512\" class=\"sib-icon sib-notification__icon\">\n          <path d=\"M256 8C119.033 8 8 119.033 8 256s111.033 248 248 248 248-111.033 248-248S392.967 8 256 8zm0 464c-118.664 0-216-96.055-216-216 0-118.663 96.055-216 216-216 118.664 0 216 96.055 216 216 0 118.663-96.055 216-216 216zm141.63-274.961L217.15 376.071c-4.705 4.667-12.303 4.637-16.97-.068l-85.878-86.572c-4.667-4.705-4.637-12.303.068-16.97l8.52-8.451c4.705-4.667 12.303-4.637 16.97.068l68.976 69.533 163.441-162.13c4.705-4.667 12.303-4.637 16.97.068l8.451 8.52c4.668 4.705 4.637 12.303-.068 16.97z\"><\/path>\n        <\/svg>\n        <span class=\"sib-form-message-panel__inner-text\">\n                          Votre inscription est confirm\u00e9e et nous vous en remercions !\n                      <\/span>\n      <\/div>\n    <\/div>\n    <div><\/div>\n    <div id=\"sib-container\" class=\"sib-container--large sib-container--vertical\" style=\"text-align:center; background-color:rgba(255,255,255,1); max-width:540px; border-radius:3px; border-width:1px; border-color:#C0CCD9; border-style:solid;\">\n      <form id=\"sib-form\" method=\"POST\" action=\"https:\/\/b4a3d077.sibforms.com\/serve\/MUIEAAzWI3axd9INg8dFMrGQQXpWC9FUFV7f5Md3m68JCsCa1zZBvyUSJnFyJ90AWdXhDpTKq6jt6LIFGrcbywFXM_XjMtV_9dFf5NzbcuwXiP6Bpsy5mDGJqNAljmgGD0niUEHLmiwVYnTPAreFnzzVQxUNDxjaxHm2dPTzYfLPv4PHeTZ7WIuC8Lz4B7CbB65jgthap4Y5zl7w\" data-type=\"subscription\">\n        <div style=\"padding: 8px 0;\">\n          <div class=\"sib-form-block sib-image-form-block\" style=\"text-align: center\">\n            <img src=\"https:\/\/img.mailinblue.com\/2420414\/images\/rnb\/original\/5ff43948b48c8149006fe2b5.jpg\" style=\"width: 500px;height: 154px;\" alt=\"\" title=\"\">\n          <\/div>\n        <\/div>\n        <div style=\"padding: 8px 0;\">\n          <div class=\"sib-form-block\" style=\"font-size:32px; text-align:left; font-weight:700; font-family:&quot;Helvetica&quot;, sans-serif; color:#3C4858; background-color:transparent;\">\n            <p>Newsletter<\/p>\n          <\/div>\n        <\/div>\n        <div style=\"padding: 8px 0;\">\n          <div class=\"sib-form-block\" style=\"font-size:16px; text-align:left; font-family:&quot;Helvetica&quot;, sans-serif; color:#3C4858; background-color:transparent;\">\n            <div class=\"sib-text-form-block\">\n              <p>Inscrivez-vous pour suivre notre actualit\u00e9 et soutenir notre action<\/p>\n            <\/div>\n          <\/div>\n        <\/div>\n        <div style=\"padding: 8px 0;\">\n          <div class=\"sib-input sib-form-block\">\n            <div class=\"form__entry entry_block\">\n              <div class=\"form__label-row \">\n                <label class=\"entry__label\" style=\"font-size:16px; text-align:left; font-weight:700; font-family:&quot;Helvetica&quot;, sans-serif; color:#3c4858;\" for=\"EMAIL\" data-required=\"*\">\n                  Veuillez renseigner votre adresse email pour vous inscrire\n                <\/label>\n\n                <div class=\"entry__field\">\n                  <input class=\"input\" type=\"text\" id=\"EMAIL\" name=\"EMAIL\" autocomplete=\"off\" placeholder=\"EMAIL\" data-required=\"true\" required=\"\">\n                <\/div>\n              <\/div>\n\n              <label class=\"entry__error entry__error--primary\" style=\"font-size:16px; text-align:left; font-family:&quot;Helvetica&quot;, sans-serif; color:#661d1d; background-color:#ffeded; border-radius:3px; border-color:#ff4949;\">\n              <\/label>\n              <label class=\"entry__specification\" style=\"font-size:12px; text-align:left; font-family:&quot;Helvetica&quot;, sans-serif; color:#8390A4;\">\n                L\u2019association \u201cje.tu.il\u2026\u201d s\u2019engage \u00e0 ne pas transmettre ces informations \u00e0 un organisme ext\u00e9rieur.\n              <\/label>\n            <\/div>\n          <\/div>\n        <\/div>\n        <div style=\"padding: 8px 0;\">\n          <div class=\"sib-form-block\" style=\"text-align: left\">\n            <button class=\"sib-form-block__button sib-form-block__button-with-loader\" style=\"font-size:16px; text-align:left; font-weight:700; font-family:&quot;Helvetica&quot;, sans-serif; color:#FFFFFF; background-color:#3E4857; border-radius:3px; border-width:0px;\" form=\"sib-form\" type=\"submit\">\n              <svg class=\"icon clickable__icon progress-indicator__icon sib-hide-loader-icon\" viewBox=\"0 0 512 512\">\n                <path d=\"M460.116 373.846l-20.823-12.022c-5.541-3.199-7.54-10.159-4.663-15.874 30.137-59.886 28.343-131.652-5.386-189.946-33.641-58.394-94.896-95.833-161.827-99.676C261.028 55.961 256 50.751 256 44.352V20.309c0-6.904 5.808-12.337 12.703-11.982 83.556 4.306 160.163 50.864 202.11 123.677 42.063 72.696 44.079 162.316 6.031 236.832-3.14 6.148-10.75 8.461-16.728 5.01z\"><\/path>\n              <\/svg>\n              S&#8217;INSCRIRE\n            <\/button>\n          <\/div>\n        <\/div>\n\n        <input type=\"text\" name=\"email_address_check\" value=\"\" class=\"input--hidden\">\n        <input type=\"hidden\" name=\"locale\" value=\"fr\">\n      <\/form>\n    <\/div>\n  <\/div>\n<\/div>\n<!-- END - We recommend to place the below code where you want the form in your website html  -->\n\n<!-- START - We recommend to place the below code in footer or bottom of your website html  -->\n<script>\n  window.REQUIRED_CODE_ERROR_MESSAGE = 'Veuillez choisir un code pays';\n\n  window.EMAIL_INVALID_MESSAGE = window.SMS_INVALID_MESSAGE = \"Les informations que vous avez fournies ne sont pas valides. Veuillez v\u00e9rifier le format du champ et r\u00e9essayer.\";\n\n  window.REQUIRED_ERROR_MESSAGE = \"Vous devez renseigner ce champ. \";\n\n  window.GENERIC_INVALID_MESSAGE = \"Les informations que vous avez fournies ne sont pas valides. Veuillez v\u00e9rifier le format du champ et r\u00e9essayer.\";\n\n\n\n\n  window.translation = {\n    common: {\n      selectedList: '{quantity} liste s\u00e9lectionn\u00e9e',\n      selectedLists: '{quantity} listes s\u00e9lectionn\u00e9es'\n    }\n  };\n\n  var AUTOHIDE = Boolean(0);\n<\/script>\n<script src=\"https:\/\/sibforms.com\/forms\/end-form\/build\/main.js\"><\/script>\n\n<!-- END - We recommend to place the above code in footer or bottom of your website html  -->\n<!-- End Sendinblue Form -->\n\n\n\n<div class=\"wp-block-image\"><figure class=\"aligncenter is-resized\"><img loading=\"lazy\" src=\"https:\/\/www.jetuil.asso.fr\/wp-content\/uploads\/2019\/09\/images2.png\" alt=\"\" class=\"wp-image-1512\" width=\"89\" height=\"89\" srcset=\"https:\/\/www.jetuil.asso.fr\/wp-content\/uploads\/2019\/09\/images2.png 229w, https:\/\/www.jetuil.asso.fr\/wp-content\/uploads\/2019\/09\/images2-150x150.png 150w, https:\/\/www.jetuil.asso.fr\/wp-content\/uploads\/2019\/09\/images2-100x100.png 100w\" sizes=\"(max-width: 89px) 100vw, 89px\" \/><\/figure><\/div>\n\n\n\n<p><\/p>\n","protected":false},"excerpt":{"rendered":"<p>Formation d&#8217;\u00e9quipes Pour favoriser la mise en place d\u2019une action d\u2019\u00e9ducation \u00e0 la responsabilit\u00e9 sexuelle et affective dans un but de pr\u00e9vention des violences et des conduites \u00e0 risque. Nos formations interactives s\u2019appuient notamment sur des documents p\u00e9dagogiques \u00e9crits et des outils audiovisuels con\u00e7us par l\u2019association (interventions de professionnels, programmes, documentaires). Elles s\u2019adressent \u00e0 l\u2019ensemble [&hellip;]<\/p>\n","protected":false},"author":2,"featured_media":0,"parent":0,"menu_order":0,"comment_status":"closed","ping_status":"closed","template":"","meta":[],"_links":{"self":[{"href":"https:\/\/www.jetuil.asso.fr\/index.php\/wp-json\/wp\/v2\/pages\/2276"}],"collection":[{"href":"https:\/\/www.jetuil.asso.fr\/index.php\/wp-json\/wp\/v2\/pages"}],"about":[{"href":"https:\/\/www.jetuil.asso.fr\/index.php\/wp-json\/wp\/v2\/types\/page"}],"author":[{"embeddable":true,"href":"https:\/\/www.jetuil.asso.fr\/index.php\/wp-json\/wp\/v2\/users\/2"}],"replies":[{"embeddable":true,"href":"https:\/\/www.jetuil.asso.fr\/index.php\/wp-json\/wp\/v2\/comments?post=2276"}],"version-history":[{"count":186,"href":"https:\/\/www.jetuil.asso.fr\/index.php\/wp-json\/wp\/v2\/pages\/2276\/revisions"}],"predecessor-version":[{"id":10527,"href":"https:\/\/www.jetuil.asso.fr\/index.php\/wp-json\/wp\/v2\/pages\/2276\/revisions\/10527"}],"wp:attachment":[{"href":"https:\/\/www.jetuil.asso.fr\/index.php\/wp-json\/wp\/v2\/media?parent=2276"}],"curies":[{"name":"wp","href":"https:\/\/api.w.org\/{rel}","templated":true}]}}