{"id":31,"date":"2019-08-09T15:01:12","date_gmt":"2019-08-09T13:01:12","guid":{"rendered":"https:\/\/www.jetuil.asso.fr\/index.php\/commande\/"},"modified":"2023-04-19T10:55:15","modified_gmt":"2023-04-19T08:55:15","slug":"commande","status":"publish","type":"page","link":"https:\/\/www.jetuil.asso.fr\/index.php\/commande\/","title":{"rendered":"Validation de la commande"},"content":{"rendered":"<div class=\"woocommerce\"><\/div>\n\n\n\n<div style=\"height:30px\" aria-hidden=\"true\" class=\"wp-block-spacer\"><\/div>\n\n\n\n<p class=\"jetuil_width66 jetuil_font27\"><strong>Toute l&#8217;\u00e9quipe de &#8220;je.tu.il&#8230;&#8221; vous remercie de votre abonnement \u00e0 notre site internet et se tient d\u00e9sormais \u00e0 votre disposition pour toute demande de pr\u00e9cision quant \u00e0 l&#8217;utilisation de votre abonnement, la p\u00e9dagogie des programmes, les modalit\u00e9s d&#8217;intervention etc&#8230; <\/strong><\/p>\n\n\n\n<div style=\"height:30px\" aria-hidden=\"true\" class=\"wp-block-spacer\"><\/div>\n\n\n\n<div class=\"wp-block-image\"><figure class=\"aligncenter is-resized\"><img loading=\"lazy\" src=\"https:\/\/www.jetuil.asso.fr\/wp-content\/uploads\/2019\/09\/images2.png\" alt=\"\" class=\"wp-image-1512\" width=\"124\" height=\"124\" srcset=\"https:\/\/www.jetuil.asso.fr\/wp-content\/uploads\/2019\/09\/images2.png 229w, https:\/\/www.jetuil.asso.fr\/wp-content\/uploads\/2019\/09\/images2-150x150.png 150w, https:\/\/www.jetuil.asso.fr\/wp-content\/uploads\/2019\/09\/images2-100x100.png 100w\" sizes=\"(max-width: 124px) 100vw, 124px\" \/><\/figure><\/div>\n\n\n\n<p><\/p>\n","protected":false},"excerpt":{"rendered":"<p>Toute l&#8217;\u00e9quipe de &#8220;je.tu.il&#8230;&#8221; vous remercie de votre abonnement \u00e0 notre site internet et se tient d\u00e9sormais \u00e0 votre disposition pour toute demande de pr\u00e9cision quant \u00e0 l&#8217;utilisation de votre abonnement, la p\u00e9dagogie des programmes, les modalit\u00e9s d&#8217;intervention etc&#8230;<\/p>\n","protected":false},"author":1,"featured_media":0,"parent":0,"menu_order":0,"comment_status":"closed","ping_status":"closed","template":"","meta":[],"_links":{"self":[{"href":"https:\/\/www.jetuil.asso.fr\/index.php\/wp-json\/wp\/v2\/pages\/31"}],"collection":[{"href":"https:\/\/www.jetuil.asso.fr\/index.php\/wp-json\/wp\/v2\/pages"}],"about":[{"href":"https:\/\/www.jetuil.asso.fr\/index.php\/wp-json\/wp\/v2\/types\/page"}],"author":[{"embeddable":true,"href":"https:\/\/www.jetuil.asso.fr\/index.php\/wp-json\/wp\/v2\/users\/1"}],"replies":[{"embeddable":true,"href":"https:\/\/www.jetuil.asso.fr\/index.php\/wp-json\/wp\/v2\/comments?post=31"}],"version-history":[{"count":6,"href":"https:\/\/www.jetuil.asso.fr\/index.php\/wp-json\/wp\/v2\/pages\/31\/revisions"}],"predecessor-version":[{"id":8236,"href":"https:\/\/www.jetuil.asso.fr\/index.php\/wp-json\/wp\/v2\/pages\/31\/revisions\/8236"}],"wp:attachment":[{"href":"https:\/\/www.jetuil.asso.fr\/index.php\/wp-json\/wp\/v2\/media?parent=31"}],"curies":[{"name":"wp","href":"https:\/\/api.w.org\/{rel}","templated":true}]}}