{"id":366,"date":"2019-09-05T16:18:40","date_gmt":"2019-09-05T14:18:40","guid":{"rendered":"https:\/\/www.jetuil.asso.fr\/?page_id=366"},"modified":"2020-10-28T12:56:50","modified_gmt":"2020-10-28T11:56:50","slug":"cet-autre-que-moi","status":"publish","type":"page","link":"https:\/\/www.jetuil.asso.fr\/index.php\/cet-autre-que-moi\/","title":{"rendered":"Un regard sur l&#8217;adolescence"},"content":{"rendered":"<div class=\"jetuil-programme-banner jetuil-programme-homebanner\">\n\t<div class=\"banner_bg\" style=\"background-image: url('https:\/\/www.jetuil.asso.fr\/wp-content\/uploads\/videos_jetuil\/programmes\/cet_autre_que_moi\/bg.jpg')\">\n\t\t<div class=\"banner_content\">\n\t\t\t<div class=\"banner_img\">\n    \t\t\t<img src=\"https:\/\/www.jetuil.asso.fr\/wp-content\/uploads\/videos_jetuil\/programmes\/cet_autre_que_moi\/thumbnail.png\"\/>\n    \t\t<\/div>\n    \t\t<div class=\"banner_text\">\n    \t\t\t<img src=\"https:\/\/www.jetuil.asso.fr\/wp-content\/uploads\/videos_jetuil\/programmes\/cet_autre_que_moi\/logo.png\"\/>\n    \t\t\t<div class=\"stitre\">Un programme \u00e0 destination des professionnels de l&#039;adolescence<\/div>\n    \t\t\t<div class=\"desc\">Un documentaire de 52 minutes qui restitue une image aussi juste que possible de la jeune adolescence ; un portrait des 12-15 ans qui va bien souvent \u00e0 l\u2019encontre des st\u00e9r\u00e9otypes v\u00e9hicul\u00e9s ordinairement\u2026<\/div>\n    \t\t\t<div class=\"sdesc\"><\/div>\n    \t\t<\/div>\n    \t<\/div>\n\t<\/div>\n\t\n\t\n<\/div>\n\n\n\n<div style=\"height:30px\" aria-hidden=\"true\" class=\"wp-block-spacer\"><\/div>\n\n\n\n<h1 style=\"text-align:center\">Un voyage au c\u0153ur de la jeune adolescence d\u2019aujourd\u2019hui sur des sujets comme : <strong>le sentiment amoureux, les repr\u00e9sentations de son propre sexe comme de l\u2019autre sexe, la force du groupe, le regard de l\u2019autre, le poids de la rumeur, la qu\u00eate d\u2019identit\u00e9, la premi\u00e8re fois,\u00a0l\u2019estime de soi, la relations aux adultes, <\/strong>mais aussi la perception qu\u2019ils ont des propos tenus par les m\u00e9dias \u00e0 leur sujet.<\/h1>\n\n\n\n<h2><strong>D\u00e9couvrez le teaser <\/strong><\/h2>\n\n\n<div class=\"jetuil-programme-teaser\">\n        <video controls poster=\"https:\/\/www.jetuil.asso.fr\/wp-content\/uploads\/videos_jetuil\/programmes\/cet_autre_que_moi\/teaser.jpg\">\n        \t\t<source src=\"https:\/\/www.jetuil.asso.fr\/wp-content\/uploads\/videos_jetuil\/programmes\/cet_autre_que_moi\/teaser.mp4\"\/>\n        <\/video>\n<\/div>\n\n\n\n\n<div style=\"height:100px\" aria-hidden=\"true\" class=\"wp-block-spacer\"><\/div>\n\n\n\n<div class=\"wp-block-media-text alignwide is-stacked-on-mobile jetuil_width80\"><figure class=\"wp-block-media-text__media\"><img loading=\"lazy\" width=\"1024\" height=\"984\" src=\"https:\/\/www.jetuil.asso.fr\/wp-content\/uploads\/2019\/09\/capture-doc1-1024x984.jpg\" alt=\"\" class=\"wp-image-1097\" srcset=\"https:\/\/www.jetuil.asso.fr\/wp-content\/uploads\/2019\/09\/capture-doc1-1024x984.jpg 1024w, https:\/\/www.jetuil.asso.fr\/wp-content\/uploads\/2019\/09\/capture-doc1-300x288.jpg 300w, https:\/\/www.jetuil.asso.fr\/wp-content\/uploads\/2019\/09\/capture-doc1-768x738.jpg 768w, https:\/\/www.jetuil.asso.fr\/wp-content\/uploads\/2019\/09\/capture-doc1-600x577.jpg 600w\" sizes=\"(max-width: 1024px) 100vw, 1024px\" \/><\/figure><div class=\"wp-block-media-text__content\">\n<p class=\"jetuil_width80 jetuil_font27\">Nous avons rencontr\u00e9 dans cinq \u00e9tablissements scolaires parisiens ZEP, Ambition r\u00e9ussite et hors ZEP: Hector Berlioz,&nbsp;Yvonne Le Tac, G\u00e9rard Philipe (18\u00e8me), Georges M\u00e9li\u00e8s (19\u00e8me) et Fran\u00e7ois Villon (14\u00e8me), diff\u00e9rents groupes de jeunes filles et de jeunes gar\u00e7ons, \u00e2ges de 12 \u00e0 15 ans, ayant b\u00e9n\u00e9fici\u00e9 de l\u2019action, pour certains depuis plus d\u2019un an.&nbsp;<br>Ils se sont exprim\u00e9s de fa\u00e7on extr\u00eamement sensible et confiante sur les diff\u00e9rentes th\u00e9matiques de l\u2019adolescence dans les ann\u00e9es-coll\u00e8ges.<\/p>\n<\/div><\/div>\n\n\n\n<div style=\"height:50px\" aria-hidden=\"true\" class=\"wp-block-spacer\"><\/div>\n\n\n\n<h1 style=\"text-align:center\" class=\"jetuil_width66\">Tout \u00e0 la fois <strong>joyeux et graves, \u00e9mouvants et vifs<\/strong>, ils \u00e9voquent ce qui les anime ou les pr\u00e9occupe\u2026<\/h1>\n\n\n\n<div style=\"height:50px\" aria-hidden=\"true\" class=\"wp-block-spacer\"><\/div>\n\n\n\n<div class=\"wp-block-media-text alignwide has-media-on-the-right is-stacked-on-mobile jetuil_width80\"><figure class=\"wp-block-media-text__media\"><img loading=\"lazy\" width=\"1024\" height=\"577\" src=\"https:\/\/www.jetuil.asso.fr\/wp-content\/uploads\/2019\/09\/capture-le-doc-groupe1-1024x577.jpg\" alt=\"\" class=\"wp-image-1112\" srcset=\"https:\/\/www.jetuil.asso.fr\/wp-content\/uploads\/2019\/09\/capture-le-doc-groupe1-1024x577.jpg 1024w, https:\/\/www.jetuil.asso.fr\/wp-content\/uploads\/2019\/09\/capture-le-doc-groupe1-300x169.jpg 300w, https:\/\/www.jetuil.asso.fr\/wp-content\/uploads\/2019\/09\/capture-le-doc-groupe1-768x433.jpg 768w, https:\/\/www.jetuil.asso.fr\/wp-content\/uploads\/2019\/09\/capture-le-doc-groupe1-600x338.jpg 600w\" sizes=\"(max-width: 1024px) 100vw, 1024px\" \/><\/figure><div class=\"wp-block-media-text__content\">\n<p class=\"jetuil_width80 jetuil_font27\">Nous avons ensuite film\u00e9 des parcours d\u2019animation lors de <strong>l\u2019action \u00ab Cet autre que moi \u00bb<\/strong> afin de t\u00e9moigner de l\u2019\u00e9volution dans le temps de la r\u00e9flexion des adolescents sur ces questions essentielles que sont <strong>l\u2019apprentissage de l\u2019alt\u00e9rit\u00e9 et la responsabilit\u00e9<\/strong>.<\/p>\n<\/div><\/div>\n\n\n\n<div class=\"wp-block-media-text alignwide has-media-on-the-right is-stacked-on-mobile jetuil_width80\"><figure class=\"wp-block-media-text__media\"><img loading=\"lazy\" width=\"1024\" height=\"612\" src=\"https:\/\/www.jetuil.asso.fr\/wp-content\/uploads\/2019\/12\/capt-le-doc-gars-1024x612.jpeg\" alt=\"\" class=\"wp-image-2451\" srcset=\"https:\/\/www.jetuil.asso.fr\/wp-content\/uploads\/2019\/12\/capt-le-doc-gars-1024x612.jpeg 1024w, https:\/\/www.jetuil.asso.fr\/wp-content\/uploads\/2019\/12\/capt-le-doc-gars-300x179.jpeg 300w, https:\/\/www.jetuil.asso.fr\/wp-content\/uploads\/2019\/12\/capt-le-doc-gars-768x459.jpeg 768w, https:\/\/www.jetuil.asso.fr\/wp-content\/uploads\/2019\/12\/capt-le-doc-gars-600x358.jpeg 600w\" sizes=\"(max-width: 1024px) 100vw, 1024px\" \/><\/figure><div class=\"wp-block-media-text__content\">\n<p class=\"jetuil_width80 jetuil_font27\">Enfin, nous avons souhait\u00e9 \u00e9tayer notre point de vue en soulignant <strong>l\u2019importance primordiale de l\u2019accompagnement des adultes<\/strong>. Nous avons donc sollicit\u00e9 la participation, le questionnement, le t\u00e9moignage des diff\u00e9rents professionnels qui, au sein des coll\u00e8ges, collaborent \u00e0 ce projet : enseignants, principaux, CPE, assistant social, etc\u2026<\/p>\n<\/div><\/div>\n\n\n\n<div style=\"height:70px\" aria-hidden=\"true\" class=\"wp-block-spacer\"><\/div>\n\n\n\n<h1 style=\"text-align:center\">Ce documentaire s\u2019adresse \u00e0 <strong>l\u2019ensemble des adultes pr\u00e9occup\u00e9s par l\u2019adolescence<\/strong>, souvent inquiets&#8230; <strong>comme aux adolescents<\/strong>, qui ne se vivent pas comme un probl\u00e8me mais comme des personnes en construction, attentives au regard que les adultes portent sur eux.<\/h1>\n\n\n\n<div style=\"height:30px\" aria-hidden=\"true\" class=\"wp-block-spacer\"><\/div>\n\n\n\n<div class=\"wp-block-file aligncenter jetuil_font27\"><a href=\"https:\/\/www.jetuil.asso.fr\/wp-content\/uploads\/2019\/09\/dossier-le-doc-version-finale.pdf\" target=\"_blank\" rel=\"noreferrer noopener\">Un regard sur l&#8217;adolescence &#8211; le dossier de presse<\/a><a href=\"https:\/\/www.jetuil.asso.fr\/wp-content\/uploads\/2019\/09\/dossier-le-doc-version-finale.pdf\" class=\"wp-block-file__button\" download>T\u00e9l\u00e9charger<\/a><\/div>\n\n\n\n<div style=\"height:30px\" aria-hidden=\"true\" class=\"wp-block-spacer\"><\/div>\n\n\n\n<ul class=\"wp-block-gallery columns-3 is-cropped\"><li class=\"blocks-gallery-item\"><figure><img loading=\"lazy\" width=\"1024\" height=\"574\" src=\"https:\/\/www.jetuil.asso.fr\/wp-content\/uploads\/2019\/09\/captledoc3-1024x574.jpg\" alt=\"\" data-id=\"845\" data-link=\"https:\/\/www.jetuil.asso.fr\/captledoc3\/\" class=\"wp-image-845\" srcset=\"https:\/\/www.jetuil.asso.fr\/wp-content\/uploads\/2019\/09\/captledoc3-1024x574.jpg 1024w, https:\/\/www.jetuil.asso.fr\/wp-content\/uploads\/2019\/09\/captledoc3-300x168.jpg 300w, https:\/\/www.jetuil.asso.fr\/wp-content\/uploads\/2019\/09\/captledoc3-768x431.jpg 768w, https:\/\/www.jetuil.asso.fr\/wp-content\/uploads\/2019\/09\/captledoc3-600x336.jpg 600w\" sizes=\"(max-width: 1024px) 100vw, 1024px\" \/><\/figure><\/li><li class=\"blocks-gallery-item\"><figure><img loading=\"lazy\" width=\"1024\" height=\"572\" src=\"https:\/\/www.jetuil.asso.fr\/wp-content\/uploads\/2019\/09\/captledoc4-1024x572.jpg\" alt=\"\" data-id=\"836\" data-link=\"https:\/\/www.jetuil.asso.fr\/captledoc4\/\" class=\"wp-image-836\" srcset=\"https:\/\/www.jetuil.asso.fr\/wp-content\/uploads\/2019\/09\/captledoc4-1024x572.jpg 1024w, https:\/\/www.jetuil.asso.fr\/wp-content\/uploads\/2019\/09\/captledoc4-300x168.jpg 300w, https:\/\/www.jetuil.asso.fr\/wp-content\/uploads\/2019\/09\/captledoc4-768x429.jpg 768w, https:\/\/www.jetuil.asso.fr\/wp-content\/uploads\/2019\/09\/captledoc4-600x335.jpg 600w\" sizes=\"(max-width: 1024px) 100vw, 1024px\" \/><\/figure><\/li><li class=\"blocks-gallery-item\"><figure><img src=\"https:\/\/www.jetuil.asso.fr\/wp-content\/uploads\/2019\/09\/CAPTledoc-1024x576.jpg\" alt=\"\" data-id=\"844\" data-link=\"https:\/\/www.jetuil.asso.fr\/captledoc\/\" class=\"wp-image-844\"\/><\/figure><\/li><\/ul>\n\n\n\n<div style=\"height:20px\" aria-hidden=\"true\" class=\"wp-block-spacer\"><\/div>\n\n\n\n<div style=\"height:20px\" aria-hidden=\"true\" class=\"wp-block-spacer\"><\/div>\n\n\n\n<div style=\"height:20px\" aria-hidden=\"true\" class=\"wp-block-spacer\"><\/div>\n\n\n\n<div class=\"wp-block-button aligncenter jetuil_font27 is-style-outline\"><a class=\"wp-block-button__link has-text-color\" href=\"https:\/\/www.jetuil.asso.fr\/index.php\/les-offres\/\" style=\"color:#79bafb\"><strong>NOS OFFRES D&#8217;ABONNEMENT<\/strong><\/a><\/div>\n\n\n\n<p style=\"text-align:center\" class=\"jetuil_font21\"><strong>&#8230;pour un acc\u00e8s \u00e0 l&#8217;int\u00e9gralit\u00e9 des programmes et documents p\u00e9dagogiques.<\/strong><\/p>\n\n\n\n<hr class=\"wp-block-separator is-style-wide\"\/>\n\n\n\n<div style=\"height:30px\" aria-hidden=\"true\" class=\"wp-block-spacer\"><\/div>\n\n\n\n<div class=\"wp-block-button aligncenter jetuil_font27 is-style-outline\"><a class=\"wp-block-button__link has-text-color\" href=\"https:\/\/www.jetuil.asso.fr\/index.php\/nos-offres-dvd\/\" style=\"color:#79bafb\"><strong>ACHETER LE DVD<\/strong><\/a><\/div>\n\n\n\n<p style=\"text-align:center\" class=\"jetuil_font21\"><strong>&#8230;et b\u00e9n\u00e9ficiez d&#8217;un mois d&#8217;abonnement gratuit, \u00e0 titre individuel, \u00e0 notre plateforme de streaming.<\/strong><\/p>\n\n\n\n<div style=\"height:40px\" aria-hidden=\"true\" class=\"wp-block-spacer\"><\/div>\n\n\n\n<div class=\"wp-block-image\"><figure class=\"aligncenter is-resized\"><img loading=\"lazy\" src=\"https:\/\/www.jetuil.asso.fr\/wp-content\/uploads\/2019\/09\/images2.png\" alt=\"\" class=\"wp-image-1512\" width=\"110\" height=\"110\" srcset=\"https:\/\/www.jetuil.asso.fr\/wp-content\/uploads\/2019\/09\/images2.png 229w, https:\/\/www.jetuil.asso.fr\/wp-content\/uploads\/2019\/09\/images2-150x150.png 150w, https:\/\/www.jetuil.asso.fr\/wp-content\/uploads\/2019\/09\/images2-100x100.png 100w\" sizes=\"(max-width: 110px) 100vw, 110px\" \/><\/figure><\/div>\n\n\n\n<div style=\"height:30px\" aria-hidden=\"true\" class=\"wp-block-spacer\"><\/div>\n","protected":false},"excerpt":{"rendered":"<p>Un voyage au c\u0153ur de la jeune adolescence d\u2019aujourd\u2019hui sur des sujets comme : le sentiment amoureux, les repr\u00e9sentations de son propre sexe comme de l\u2019autre sexe, la force du groupe, le regard de l\u2019autre, le poids de la rumeur, la qu\u00eate d\u2019identit\u00e9, la premi\u00e8re fois,\u00a0l\u2019estime de soi, la relations aux adultes, mais aussi la [&hellip;]<\/p>\n","protected":false},"author":1,"featured_media":0,"parent":0,"menu_order":0,"comment_status":"closed","ping_status":"closed","template":"","meta":[],"_links":{"self":[{"href":"https:\/\/www.jetuil.asso.fr\/index.php\/wp-json\/wp\/v2\/pages\/366"}],"collection":[{"href":"https:\/\/www.jetuil.asso.fr\/index.php\/wp-json\/wp\/v2\/pages"}],"about":[{"href":"https:\/\/www.jetuil.asso.fr\/index.php\/wp-json\/wp\/v2\/types\/page"}],"author":[{"embeddable":true,"href":"https:\/\/www.jetuil.asso.fr\/index.php\/wp-json\/wp\/v2\/users\/1"}],"replies":[{"embeddable":true,"href":"https:\/\/www.jetuil.asso.fr\/index.php\/wp-json\/wp\/v2\/comments?post=366"}],"version-history":[{"count":70,"href":"https:\/\/www.jetuil.asso.fr\/index.php\/wp-json\/wp\/v2\/pages\/366\/revisions"}],"predecessor-version":[{"id":4331,"href":"https:\/\/www.jetuil.asso.fr\/index.php\/wp-json\/wp\/v2\/pages\/366\/revisions\/4331"}],"wp:attachment":[{"href":"https:\/\/www.jetuil.asso.fr\/index.php\/wp-json\/wp\/v2\/media?parent=366"}],"curies":[{"name":"wp","href":"https:\/\/api.w.org\/{rel}","templated":true}]}}