{"id":3924,"date":"2020-10-21T14:31:01","date_gmt":"2020-10-21T12:31:01","guid":{"rendered":"https:\/\/www.jetuil.asso.fr\/?page_id=3924"},"modified":"2021-03-05T14:47:58","modified_gmt":"2021-03-05T13:47:58","slug":"nos-offres-dvd","status":"publish","type":"page","link":"https:\/\/www.jetuil.asso.fr\/index.php\/nos-offres-dvd\/","title":{"rendered":"Nos offres DVD"},"content":{"rendered":"\n<div style=\"height:30px\" aria-hidden=\"true\" class=\"wp-block-spacer\"><\/div>\n\n\n\n<div class=\"wp-block-media-text alignwide is-vertically-aligned-center\" style=\"grid-template-columns:15% auto\"><figure class=\"wp-block-media-text__media\"><img loading=\"lazy\" width=\"135\" height=\"120\" src=\"https:\/\/www.jetuil.asso.fr\/wp-content\/uploads\/2021\/01\/logoJTL-spirale.jpg\" alt=\"\" class=\"wp-image-5587 size-full\"\/><\/figure><div class=\"wp-block-media-text__content\">\n<h1><strong>Nos offres DVD<\/strong><\/h1>\n\n\n\n<h1 class=\"jetuil_font27\"><strong>Vous pr\u00e9f\u00e9rez acqu\u00e9rir l&#8217;un de nos programmes en version DVD ? <\/strong><\/h1>\n<\/div><\/div>\n\n\n\n<p class=\"has-text-align-center jetuil_width80 jetuil_font27\">Afin de vous permettre de d\u00e9couvrir les avantages de notre site internet et de la d\u00e9mat\u00e9rialisation, <strong>1 mois d&#8217;abonnement vous sera offert<\/strong>, \u00e0 titre individuel, pour tout achat de la version DVD d&#8217;un programme de &#8220;je.tu.il&#8230;&#8221;. <\/p>\n\n\n\n<div style=\"height:50px\" aria-hidden=\"true\" class=\"wp-block-spacer\"><\/div>\n\n\n\n<figure class=\"wp-block-gallery columns-4 is-cropped\"><ul class=\"blocks-gallery-grid\"><li class=\"blocks-gallery-item\"><figure><img loading=\"lazy\" width=\"696\" height=\"1024\" src=\"https:\/\/www.jetuil.asso.fr\/wp-content\/uploads\/2019\/09\/pochette-dvd-Ce-Je-e1568908982332-696x1024.jpg\" alt=\"\" data-id=\"804\" data-link=\"https:\/\/www.jetuil.asso.fr\/?attachment_id=804\" class=\"wp-image-804\"\/><\/figure><\/li><li class=\"blocks-gallery-item\"><figure><img loading=\"lazy\" width=\"719\" height=\"1024\" src=\"https:\/\/www.jetuil.asso.fr\/wp-content\/uploads\/2019\/09\/COUV-719x1024.jpg\" alt=\"\" data-id=\"1039\" data-link=\"https:\/\/www.jetuil.asso.fr\/couv\/\" class=\"wp-image-1039\" srcset=\"https:\/\/www.jetuil.asso.fr\/wp-content\/uploads\/2019\/09\/COUV-719x1024.jpg 719w, https:\/\/www.jetuil.asso.fr\/wp-content\/uploads\/2019\/09\/COUV-211x300.jpg 211w, https:\/\/www.jetuil.asso.fr\/wp-content\/uploads\/2019\/09\/COUV-768x1093.jpg 768w, https:\/\/www.jetuil.asso.fr\/wp-content\/uploads\/2019\/09\/COUV-600x854.jpg 600w, https:\/\/www.jetuil.asso.fr\/wp-content\/uploads\/2019\/09\/COUV.jpg 1718w\" sizes=\"(max-width: 719px) 100vw, 719px\" \/><\/figure><\/li><li class=\"blocks-gallery-item\"><figure><img loading=\"lazy\" width=\"716\" height=\"1024\" src=\"https:\/\/www.jetuil.asso.fr\/wp-content\/uploads\/2019\/12\/jaquette-CAM2-716x1024.jpeg\" alt=\"\" data-id=\"2750\" data-link=\"https:\/\/www.jetuil.asso.fr\/index.php\/les-offres\/jaquette-cam2\/\" class=\"wp-image-2750\" srcset=\"https:\/\/www.jetuil.asso.fr\/wp-content\/uploads\/2019\/12\/jaquette-CAM2-716x1024.jpeg 716w, https:\/\/www.jetuil.asso.fr\/wp-content\/uploads\/2019\/12\/jaquette-CAM2-210x300.jpeg 210w, https:\/\/www.jetuil.asso.fr\/wp-content\/uploads\/2019\/12\/jaquette-CAM2-768x1099.jpeg 768w, https:\/\/www.jetuil.asso.fr\/wp-content\/uploads\/2019\/12\/jaquette-CAM2-600x858.jpeg 600w, https:\/\/www.jetuil.asso.fr\/wp-content\/uploads\/2019\/12\/jaquette-CAM2.jpeg 864w\" sizes=\"(max-width: 716px) 100vw, 716px\" \/><\/figure><\/li><li class=\"blocks-gallery-item\"><figure><img loading=\"lazy\" width=\"725\" height=\"1024\" src=\"https:\/\/www.jetuil.asso.fr\/wp-content\/uploads\/2020\/10\/DVD-p\u00e9dago-725x1024.jpg\" alt=\"\" data-id=\"4001\" data-link=\"https:\/\/www.jetuil.asso.fr\/?attachment_id=4001\" class=\"wp-image-4001\" srcset=\"https:\/\/www.jetuil.asso.fr\/wp-content\/uploads\/2020\/10\/DVD-p\u00e9dago-725x1024.jpg 725w, https:\/\/www.jetuil.asso.fr\/wp-content\/uploads\/2020\/10\/DVD-p\u00e9dago-212x300.jpg 212w, https:\/\/www.jetuil.asso.fr\/wp-content\/uploads\/2020\/10\/DVD-p\u00e9dago-600x848.jpg 600w, https:\/\/www.jetuil.asso.fr\/wp-content\/uploads\/2020\/10\/DVD-p\u00e9dago.jpg 762w\" sizes=\"(max-width: 725px) 100vw, 725px\" \/><\/figure><\/li><\/ul><\/figure>\n\n\n\n<div style=\"height:20px\" aria-hidden=\"true\" class=\"wp-block-spacer\"><\/div>\n\n\n\n<p class=\"has-text-align-center jetuil_width66 jetuil_font27 has-very-dark-gray-color has-text-color\">Depuis 2019 et la sortie de notre programme &#8220;EN VISAGE&#8221;, nous privil\u00e9gions la d\u00e9mat\u00e9rialisation des programmes via notre plateforme de streaming. Ceci vous permet d&#8217;avoir acc\u00e8s \u00e0 l&#8217;ensemble des programmes et documents p\u00e9dagogiques depuis n&#8217;importe quel ordinateur \/ tablette \/ smartphone. <\/p>\n\n\n\n<div style=\"height:20px\" aria-hidden=\"true\" class=\"wp-block-spacer\"><\/div>\n\n\n\n<p class=\"has-text-align-center jetuil_width80 jetuil_font27 jetuil_liedevin_dark\"><strong>Ainsi notre programme &#8220;EN VISAGE&#8221; n&#8217;a-t-il pas \u00e9t\u00e9 \u00e9dit\u00e9 en version DVD et n&#8217;est disponible qu&#8217;\u00e0 partir de notre site, via un des abonnements auxquels nous vous proposons de <a href=\"https:\/\/www.jetuil.asso.fr\/index.php\/les-offres\/\">souscrire<\/a>. <\/strong><\/p>\n\n\n\n<div style=\"height:20px\" aria-hidden=\"true\" class=\"wp-block-spacer\"><\/div>\n\n\n\n<p class=\"has-text-align-center jetuil_width66 jetuil_font27 has-very-dark-gray-color has-text-color\">Les programmes &#8220;Ce Je(u) entre nous&#8221;, &#8220;Un regard sur l&#8217;adolescence&#8221; et &#8220;Cet Autre que Moi&#8221; restent disponibles \u00e0 la vente.<\/p>\n\n\n\n<div style=\"height:20px\" aria-hidden=\"true\" class=\"wp-block-spacer\"><\/div>\n\n\n\n<p class=\"has-text-align-center jetuil_width80 jetuil_font27 jetuil_liedevin_dark\"><strong>Lors de votre commande, la cr\u00e9ation de votre identifiant et d&#8217;un mot de passe vous permettra de b\u00e9n\u00e9ficier d&#8217;un mois d&#8217;essai gratuit de notre plateforme de streaming, \u00e0 titre individuel, vous permettant de d\u00e9couvrir l&#8217;int\u00e9gralit\u00e9 de nos programmes et de nos documents p\u00e9dagogiques. <\/strong><\/p>\n\n\n\n<div style=\"height:100px\" aria-hidden=\"true\" class=\"wp-block-spacer\"><\/div>\n\n\n<div class=\"woocommerce columns-4 \"><ul class=\"products columns-4\">\n<li class=\"product type-product post-3919 status-publish first instock virtual taxable purchasable product-type-simple\">\n\t<div class=\"woocommerce_excerpt\"><ul>\r\n<li>Acc\u00e8s aux films et \u00e0 la mosa\u00efque de connaissances<\/li>\r\n<li>Livret p\u00e9dagogique inclus<\/li>\r\n<li>Droits de diffusion dans le cadre institutionnel<\/li>\r\n<li>Un mois d'abonnement offert, \u00e0 titre individuel, \u00e0 notre plateforme de streaming<\/li>\r\n<li>Frais de port inclus<\/li>\r\n<\/ul>\t<\/div>\n\t<\/li>\n<li class=\"product type-product post-3974 status-publish instock taxable shipping-taxable purchasable product-type-simple\">\n\t<div class=\"woocommerce_excerpt\"><ul>\r\n<li>Le DVD des films est accompagn\u00e9 du \"DVD p\u00e9dagogique\" \u00e9dit\u00e9 en 2011<\/li>\r\n<li>Droits de diffusion dans le cadre institutionnel<\/li>\r\n<li>Un mois d'abonnement offert, \u00e0 titre individuel, \u00e0 notre plateforme de streaming<\/li>\r\n<li>Frais de port inclus<\/li>\r\n<\/ul>\t<\/div>\n\t<\/li>\n<li class=\"product type-product post-3965 status-publish instock virtual taxable purchasable product-type-simple\">\n\t<div class=\"woocommerce_excerpt\"><ul>\r\n<li>Droits de diffusion dans le cadre institutionnel<\/li>\r\n<li>Un mois d'abonnement offert, \u00e0 titre individuel, \u00e0 notre plateforme de streaming<\/li>\r\n<li>Frais de port inclus<\/li>\r\n<\/ul>\t<\/div>\n\t<\/li>\n<li class=\"product type-product post-4000 status-publish last instock taxable shipping-taxable purchasable product-type-simple\">\n\t<div class=\"woocommerce_excerpt\"><ul>\r\n<li>Trois animations, une r\u00e9union p\u00e9dagogique et deux r\u00e9unions bilan\/pr\u00e9paratoire film\u00e9es en int\u00e9gralit\u00e9.<\/li>\r\n<li>Droits de diffusion dans le cadre institutionnel.<\/li>\r\n<li>Un mois d'abonnement offert, \u00e0 titre individuel, \u00e0 notre plateforme de streaming.<\/li>\r\n<li>Frais de port inclus.<\/li>\r\n<\/ul>\t<\/div>\n\t<\/li>\n<\/ul>\n<\/div>\n\n\n\n<div class=\"wp-block-image\"><figure class=\"aligncenter\"><img loading=\"lazy\" width=\"87\" height=\"152\" src=\"https:\/\/www.jetuil.asso.fr\/wp-content\/uploads\/2021\/01\/logoJTL-fl\u00e8ches.jpg\" alt=\"\" class=\"wp-image-5588\"\/><\/figure><\/div>\n\n\n\n<div style=\"height:30px\" aria-hidden=\"true\" class=\"wp-block-spacer\"><\/div>\n\n\n\n<p><\/p>\n","protected":false},"excerpt":{"rendered":"<p>Nos offres DVD Vous pr\u00e9f\u00e9rez acqu\u00e9rir l&#8217;un de nos programmes en version DVD ? Afin de vous permettre de d\u00e9couvrir les avantages de notre site internet et de la d\u00e9mat\u00e9rialisation, 1 mois d&#8217;abonnement vous sera offert, \u00e0 titre individuel, pour tout achat de la version DVD d&#8217;un programme de &#8220;je.tu.il&#8230;&#8221;. Depuis 2019 et la sortie [&hellip;]<\/p>\n","protected":false},"author":2,"featured_media":0,"parent":0,"menu_order":0,"comment_status":"closed","ping_status":"closed","template":"","meta":[],"_links":{"self":[{"href":"https:\/\/www.jetuil.asso.fr\/index.php\/wp-json\/wp\/v2\/pages\/3924"}],"collection":[{"href":"https:\/\/www.jetuil.asso.fr\/index.php\/wp-json\/wp\/v2\/pages"}],"about":[{"href":"https:\/\/www.jetuil.asso.fr\/index.php\/wp-json\/wp\/v2\/types\/page"}],"author":[{"embeddable":true,"href":"https:\/\/www.jetuil.asso.fr\/index.php\/wp-json\/wp\/v2\/users\/2"}],"replies":[{"embeddable":true,"href":"https:\/\/www.jetuil.asso.fr\/index.php\/wp-json\/wp\/v2\/comments?post=3924"}],"version-history":[{"count":51,"href":"https:\/\/www.jetuil.asso.fr\/index.php\/wp-json\/wp\/v2\/pages\/3924\/revisions"}],"predecessor-version":[{"id":6587,"href":"https:\/\/www.jetuil.asso.fr\/index.php\/wp-json\/wp\/v2\/pages\/3924\/revisions\/6587"}],"wp:attachment":[{"href":"https:\/\/www.jetuil.asso.fr\/index.php\/wp-json\/wp\/v2\/media?parent=3924"}],"curies":[{"name":"wp","href":"https:\/\/api.w.org\/{rel}","templated":true}]}}