{"id":9356,"date":"2024-02-28T14:25:00","date_gmt":"2024-02-28T13:25:00","guid":{"rendered":"https:\/\/www.jetuil.asso.fr\/?page_id=9356"},"modified":"2024-05-28T11:03:32","modified_gmt":"2024-05-28T09:03:32","slug":"laction-ce-jeu-entre-nous","status":"publish","type":"page","link":"https:\/\/www.jetuil.asso.fr\/index.php\/laction-ce-jeu-entre-nous\/","title":{"rendered":"L&#8217;action Ce Je(u) entre nous"},"content":{"rendered":"\n<div style=\"height:50px\" aria-hidden=\"true\" class=\"wp-block-spacer\"><\/div>\n\n\n\n<div class=\"wp-block-media-text alignwide is-vertically-aligned-center is-image-fill jetuil_width80\" style=\"grid-template-columns:19% auto\"><figure class=\"wp-block-media-text__media\" style=\"background-image:url(https:\/\/www.jetuil.asso.fr\/wp-content\/uploads\/2019\/09\/pochette-dvd-Ce-Je-e1568908982332-696x1024.jpg);background-position:50% 50%\"><img loading=\"lazy\" width=\"696\" height=\"1024\" src=\"https:\/\/www.jetuil.asso.fr\/wp-content\/uploads\/2019\/09\/pochette-dvd-Ce-Je-e1568908982332-696x1024.jpg\" alt=\"\" class=\"wp-image-804 size-full\"\/><\/figure><div class=\"wp-block-media-text__content\">\n<h1 class=\"has-text-align-left\"><strong>L&#8217;action Ce Je(u) entre nous<\/strong><\/h1>\n\n\n\n<p class=\"jetuil_font27\"><strong>En milieu scolaire<\/strong><\/p>\n\n\n\n<p class=\"jetuil_font21\"><strong><strong>L\u2019\u00e9ducation \u00e0 la responsabilit\u00e9 sexuelle et affective avec des jeunes de 15 \u00e0 18 ans, dans un but de pr\u00e9vention des conduites \u00e0 risque<\/strong>.<\/strong><\/p>\n<\/div><\/div>\n\n\n\n<div style=\"height:40px\" aria-hidden=\"true\" class=\"wp-block-spacer\"><\/div>\n\n\n\n<blockquote class=\"wp-block-quote jetuil_width66 jetuil_font21\"><p><strong>Public cibl\u00e9 : le niveau 2nd ou 1\u00e8re<\/strong>, avec possibilit\u00e9 d&#8217;intervenir aupr\u00e8s des 3\u00e8mes.<\/p><p><strong>Deux interventions par classe<\/strong>, de deux heures chacune. Il est \u00e9galement possible de pr\u00e9voir une unique s\u00e9ance d&#8217;une dur\u00e9e de trois heures. <\/p><p>Remise d&#8217;un <strong>bilan \u00e9crit<\/strong> \u00e0 la Direction, \u00e0 l&#8217;issue des interventions. <\/p><p>Organisation, avec la Direction du lyc\u00e9e, d&#8217;une <strong>r\u00e9union pr\u00e9paratoire et\/ou d&#8217;une r\u00e9union bilan<\/strong>. <\/p><p>D\u00e9couvrez le programme &#8220;<a rel=\"noreferrer noopener\" href=\"https:\/\/www.jetuil.asso.fr\/index.php\/ce-jeu-entre-nous\/\" target=\"_blank\">Ce Je(u) entre nous<\/a>&#8221; \/ la <a rel=\"noreferrer noopener\" href=\"https:\/\/www.jetuil.asso.fr\/index.php\/la-formation-ce-jeu-entre-nous\/\" target=\"_blank\">formation associ\u00e9e<\/a><\/p><\/blockquote>\n\n\n\n<div style=\"height:30px\" aria-hidden=\"true\" class=\"wp-block-spacer\"><\/div>\n\n\n\n<p class=\"jetuil_width80 jetuil_font21\">Nous travaillons depuis 1997 avec des jeunes de 12 \u00e0 15 ans sur l\u2019\u00e9ducation \u00e0 la responsabilit\u00e9 sexuelle et affective dans un but de pr\u00e9vention des conduites \u00e0 risque. C\u2019est \u00e0 l\u2019occasion&nbsp;d\u2019interventions aupr\u00e8s d\u2019adolescents et d\u2019adolescentes de plus de quinze ans qu\u2019il nous a paru n\u00e9cessaire de <strong>poursuivre cet accompagnement de l\u2019apprentissage de l\u2019alt\u00e9rit\u00e9<\/strong> par la proposition d\u2019un nouveau&nbsp;programme &#8211; et donc d&#8217;une nouvelle action, \u00e0 destination plus particuli\u00e8rement des lyc\u00e9ens.<\/p>\n\n\n\n<p class=\"jetuil_width80 jetuil_font21\">Nos actions aupr\u00e8s des jeunes, notamment les jeunes en difficult\u00e9, nous ont&nbsp;amen\u00e9s au constat qu\u2019ils sont pour beaucoup d\u2019entre eux <strong>d\u00e9munis face \u00e0 l\u2019\u00e9mergence pulsionnelle de leur sexualit\u00e9, dans&nbsp;un contexte soci\u00e9tal faisant de \u00ab l\u2019agir sexuel \u00bb une valeur en soi<\/strong>.<\/p>\n\n\n\n<p class=\"jetuil_width80 jetuil_font21\">Plus ou moins outill\u00e9s, qu\u2019il s\u2019agisse de&nbsp;la pens\u00e9e r\u00e9flexive ou du langage, ils&nbsp;peuvent \u00eatre pris dans des <strong>repr\u00e9sentations du masculin et du f\u00e9minin<\/strong>, du rapport \u00e0 l\u2019autre, du possible et de l\u2019interdit, susceptibles de les amener \u00e0 <strong>d\u00e9velopper des conduites \u00e0 risque<\/strong>, parfois \u00e0 leur insu, par&nbsp;erreur de jugement et\/ou ignorance de la loi.<\/p>\n\n\n\n<div class=\"wp-block-media-text alignwide is-stacked-on-mobile jetuil_width80\"><figure class=\"wp-block-media-text__media\"><img loading=\"lazy\" width=\"1024\" height=\"510\" src=\"https:\/\/www.jetuil.asso.fr\/wp-content\/uploads\/2019\/09\/sortie-le-doc-e1568898627460-1024x510.jpg\" alt=\"\" class=\"wp-image-975 size-full\" srcset=\"https:\/\/www.jetuil.asso.fr\/wp-content\/uploads\/2019\/09\/sortie-le-doc-e1568898627460-1024x510.jpg 1024w, https:\/\/www.jetuil.asso.fr\/wp-content\/uploads\/2019\/09\/sortie-le-doc-e1568898627460-300x150.jpg 300w, https:\/\/www.jetuil.asso.fr\/wp-content\/uploads\/2019\/09\/sortie-le-doc-e1568898627460-768x383.jpg 768w, https:\/\/www.jetuil.asso.fr\/wp-content\/uploads\/2019\/09\/sortie-le-doc-e1568898627460-600x299.jpg 600w\" sizes=\"(max-width: 1024px) 100vw, 1024px\" \/><\/figure><div class=\"wp-block-media-text__content\">\n<p class=\"jetuil_width80 jetuil_font21 has-large-font-size\">De nos rencontres avec ces jeunes, il nous est apparu que, pour r\u00e9pondre au mieux \u00e0 <strong>leurs pr\u00e9occupations<\/strong> et soutenir <strong>l\u2019apprentissage de l\u2019alt\u00e9rit\u00e9<\/strong>, il \u00e9tait n\u00e9cessaire de passer par&nbsp;la question essentielle du <strong>consentement<\/strong>, sous l\u2019axe <strong>responsabilit\u00e9 \/&nbsp;culpabilit\u00e9 \/ sentiment de culpabilit\u00e9<\/strong>, et ce, dans l\u2019objectif de favoriser, par le biais&nbsp;d\u2019une r\u00e9flexion conforme \u00e0 leur \u00e2ge, l\u2019appropriation de connaissances et de valeurs&nbsp;port\u00e9es par la loi.<\/p>\n<\/div><\/div>\n\n\n\n<p class=\"jetuil_width80 jetuil_font21\">Aussi, dans la continuit\u00e9 des outils que nous r\u00e9alisons depuis plus de trente ans, <strong>c\u2019est cette th\u00e9matique du consentement&nbsp;qui est au c\u0153ur du programme \u00ab Ce Je(u) entre nous \u00bb<\/strong>, permettant \u00e9galement de&nbsp;traiter la question de <strong>l\u2019orientation sexuelle<\/strong>&nbsp;et du <strong>handicap<\/strong>.<\/p>\n\n\n\n<p class=\"jetuil_width80 jetuil_font21\">Ce programme est destin\u00e9 \u00e0 \u00eatre exploit\u00e9 d\u2019une part dans des <strong>espaces de questionnement collectif entre adolescents<\/strong> et personnels d\u2019encadrement de diverses institutions (Education nationale, Justice, etc&#8230;), et d\u2019autre part, comme <a rel=\"noreferrer noopener\" href=\"https:\/\/www.jetuil.asso.fr\/index.php\/la-formation-ce-jeu-entre-nous\/\" target=\"_blank\">support de formation<\/a> des professionnels souhaitant approfondir la question et\/ou s\u2019investir dans ces espaces collectifs.<\/p>\n\n\n\n<div style=\"height:30px\" aria-hidden=\"true\" class=\"wp-block-spacer\"><\/div>\n\n\n\n<div style=\"height:30px\" aria-hidden=\"true\" class=\"wp-block-spacer\"><\/div>\n\n\n\n<div class=\"wp-block-columns\">\n<div class=\"wp-block-column\">\n<div class=\"wp-block-media-text alignwide is-stacked-on-mobile is-vertically-aligned-center jetuil_width80\" style=\"grid-template-columns:45% auto\"><figure class=\"wp-block-media-text__media\"><img loading=\"lazy\" width=\"1017\" height=\"569\" src=\"https:\/\/www.jetuil.asso.fr\/wp-content\/uploads\/2019\/09\/3Filles3.jpg\" alt=\"\" class=\"wp-image-801 size-full\" srcset=\"https:\/\/www.jetuil.asso.fr\/wp-content\/uploads\/2019\/09\/3Filles3.jpg 1017w, https:\/\/www.jetuil.asso.fr\/wp-content\/uploads\/2019\/09\/3Filles3-300x168.jpg 300w, https:\/\/www.jetuil.asso.fr\/wp-content\/uploads\/2019\/09\/3Filles3-768x430.jpg 768w, https:\/\/www.jetuil.asso.fr\/wp-content\/uploads\/2019\/09\/3Filles3-600x336.jpg 600w\" sizes=\"(max-width: 1017px) 100vw, 1017px\" \/><\/figure><div class=\"wp-block-media-text__content\">\n<p class=\"jetuil_width80 jetuil_font21 has-large-font-size\">\u00ab&nbsp;<em>Ce Je(u) entre nous<\/em>&nbsp;\u00bb est un programme compos\u00e9 d\u2019une&nbsp;<strong>fiction<\/strong>&nbsp;et d\u2019une&nbsp;<strong>mosa\u00efque de connaissances<\/strong>.&nbsp;<u><a href=\"https:\/\/www.jetuil.asso.fr\/index.php\/ce-jeu-entre-nous\/\" target=\"_blank\" rel=\"noreferrer noopener\">La Fiction<\/a><\/u>&nbsp;se pr\u00e9sente sous forme de s\u00e9quences \u2013 au nombre de cinq \u2013 brouillant l\u2019ordre chronologique du r\u00e9cit pour provoquer des r\u00e9actions, susciter des interpr\u00e9tations, des&nbsp;<strong>hypoth\u00e8ses<\/strong>&nbsp;que la s\u00e9quence suivante viendra confirmer ou infirmer, et ainsi jusqu\u2019\u00e0 la r\u00e9solution finale.&nbsp;<u><a href=\"https:\/\/www.jetuil.asso.fr\/wp-content\/uploads\/2019\/09\/PR\u00c9SENTATION-MOSAIQUE-CE-JE.pdf\" target=\"_blank\" rel=\"noreferrer noopener\">La Mosa\u00efque de connaissance<\/a><\/u>&nbsp;est constitu\u00e9e d\u2019un ensemble de s\u00e9quences film\u00e9es o\u00f9 des professionnels de la sant\u00e9, de la police et de la Justice apportent des&nbsp;<strong>\u00e9l\u00e9ments de r\u00e9ponse pr\u00e9cis<\/strong>&nbsp;venant \u00e9clairer les th\u00e9matiques abord\u00e9es par la fiction.&nbsp;<\/p>\n<\/div><\/div>\n\n\n\n<div style=\"height:40px\" aria-hidden=\"true\" class=\"wp-block-spacer\"><\/div>\n\n\n\n<p class=\"has-text-align-center jetuil_width66 jetuil_font27\"><strong>Un outil support \u00e0 la mise en place d&#8217;espaces de questionnement<\/strong> avec des jeunes \u00e0 partir de 15 ans dans le cadre scolaire, social, comme dans celui de la Protection judiciaire de la jeunesse. <\/p>\n\n\n\n<div style=\"height:30px\" aria-hidden=\"true\" class=\"wp-block-spacer\"><\/div>\n\n\n\n<p class=\"has-text-align-left jetuil_width80 jetuil_font21\">Chaque parcours d&#8217;animation donne lieu \u00e0 un <strong>bilan<\/strong> comprenant des donn\u00e9es <strong>quantitatives<\/strong> et <strong>qualitatives<\/strong>. A la fin de chaque ann\u00e9e, nous compilons ces donn\u00e9es afin de r\u00e9diger nos propres \u00e9valuations, dans lesquelles nous nous interrogeons sur <strong>les objectifs de l&#8217;action<\/strong> et leur accomplissement, au regard des questionnaires d&#8217;\u00e9valuation remplis par les jeunes \u00e0 la fin des interventions. <\/p>\n\n\n\n<div style=\"height:30px\" aria-hidden=\"true\" class=\"wp-block-spacer\"><\/div>\n\n\n\n<div class=\"wp-block-group\"><div class=\"wp-block-group__inner-container\">\n<figure class=\"wp-block-gallery columns-2 is-cropped\"><ul class=\"blocks-gallery-grid\"><li class=\"blocks-gallery-item\"><figure><img loading=\"lazy\" width=\"1018\" height=\"565\" src=\"https:\/\/www.jetuil.asso.fr\/wp-content\/uploads\/2019\/09\/BockmanBande1.jpg\" alt=\"\" data-id=\"794\" data-full-url=\"https:\/\/www.jetuil.asso.fr\/wp-content\/uploads\/2019\/09\/BockmanBande1.jpg\" data-link=\"https:\/\/www.jetuil.asso.fr\/bockmanbande1\/\" class=\"wp-image-794\" srcset=\"https:\/\/www.jetuil.asso.fr\/wp-content\/uploads\/2019\/09\/BockmanBande1.jpg 1018w, https:\/\/www.jetuil.asso.fr\/wp-content\/uploads\/2019\/09\/BockmanBande1-300x167.jpg 300w, https:\/\/www.jetuil.asso.fr\/wp-content\/uploads\/2019\/09\/BockmanBande1-768x426.jpg 768w, https:\/\/www.jetuil.asso.fr\/wp-content\/uploads\/2019\/09\/BockmanBande1-600x333.jpg 600w\" sizes=\"(max-width: 1018px) 100vw, 1018px\" \/><\/figure><\/li><li class=\"blocks-gallery-item\"><figure><img loading=\"lazy\" width=\"1024\" height=\"563\" src=\"https:\/\/www.jetuil.asso.fr\/wp-content\/uploads\/2024\/02\/Capture-decran-2024-02-28-a-14.56.10-1024x563.png\" alt=\"\" data-id=\"9386\" data-full-url=\"https:\/\/www.jetuil.asso.fr\/wp-content\/uploads\/2024\/02\/Capture-decran-2024-02-28-a-14.56.10.png\" data-link=\"https:\/\/www.jetuil.asso.fr\/index.php\/laction-ce-jeu-entre-nous\/capture-decran-2024-02-28-a-14-56-10\/\" class=\"wp-image-9386\" srcset=\"https:\/\/www.jetuil.asso.fr\/wp-content\/uploads\/2024\/02\/Capture-decran-2024-02-28-a-14.56.10-1024x563.png 1024w, https:\/\/www.jetuil.asso.fr\/wp-content\/uploads\/2024\/02\/Capture-decran-2024-02-28-a-14.56.10-300x165.png 300w, https:\/\/www.jetuil.asso.fr\/wp-content\/uploads\/2024\/02\/Capture-decran-2024-02-28-a-14.56.10-768x422.png 768w, https:\/\/www.jetuil.asso.fr\/wp-content\/uploads\/2024\/02\/Capture-decran-2024-02-28-a-14.56.10-600x330.png 600w, https:\/\/www.jetuil.asso.fr\/wp-content\/uploads\/2024\/02\/Capture-decran-2024-02-28-a-14.56.10.png 1266w\" sizes=\"(max-width: 1024px) 100vw, 1024px\" \/><\/figure><\/li><\/ul><\/figure>\n<\/div><\/div>\n\n\n\n<div class=\"wp-block-group\"><div class=\"wp-block-group__inner-container\">\n<div class=\"wp-block-group\"><div class=\"wp-block-group__inner-container\">\n<div class=\"wp-block-group\"><div class=\"wp-block-group__inner-container\">\n<p><\/p>\n<\/div><\/div>\n<\/div><\/div>\n<\/div><\/div>\n\n\n\n<div style=\"height:30px\" aria-hidden=\"true\" class=\"wp-block-spacer\"><\/div>\n\n\n\n<p class=\"has-text-align-center jetuil_width66 jetuil_font21\"><strong>Vous souhaitez mettre en place une action ? Vous avez une question ? <\/strong><\/p>\n\n\n\n<div style=\"height:30px\" aria-hidden=\"true\" class=\"wp-block-spacer\"><\/div>\n\n\n\n<div class=\"wp-block-buttons aligncenter\">\n<div class=\"wp-block-button jetuil_font21 is-style-outline\"><a class=\"wp-block-button__link has-white-background-color has-text-color has-background\" href=\"https:\/\/www.jetuil.asso.fr\/index.php\/nous-contacter:\" style=\"border-radius:44px;color:#79bafb\" target=\"_blank\" rel=\"noreferrer noopener\"><strong>CONTACTEZ-NOUS !<\/strong><\/a><\/div>\n<\/div>\n\n\n\n<div style=\"height:30px\" aria-hidden=\"true\" class=\"wp-block-spacer\"><\/div>\n\n\n\n<!-- Begin Sendinblue Form -->\n<!-- START - We recommend to place the below code in head tag of your website html  -->\n<style>\n  @font-face {\n    font-display: block;\n    font-family: Roboto;\n    src: url(https:\/\/assets.sendinblue.com\/font\/Roboto\/Latin\/normal\/normal\/7529907e9eaf8ebb5220c5f9850e3811.woff2) format(\"woff2\"), url(https:\/\/assets.sendinblue.com\/font\/Roboto\/Latin\/normal\/normal\/25c678feafdc175a70922a116c9be3e7.woff) format(\"woff\")\n  }\n\n  @font-face {\n    font-display: fallback;\n    font-family: Roboto;\n    font-weight: 600;\n    src: url(https:\/\/assets.sendinblue.com\/font\/Roboto\/Latin\/medium\/normal\/6e9caeeafb1f3491be3e32744bc30440.woff2) format(\"woff2\"), url(https:\/\/assets.sendinblue.com\/font\/Roboto\/Latin\/medium\/normal\/71501f0d8d5aa95960f6475d5487d4c2.woff) format(\"woff\")\n  }\n\n  @font-face {\n    font-display: fallback;\n    font-family: Roboto;\n    font-weight: 700;\n    src: url(https:\/\/assets.sendinblue.com\/font\/Roboto\/Latin\/bold\/normal\/3ef7cf158f310cf752d5ad08cd0e7e60.woff2) format(\"woff2\"), url(https:\/\/assets.sendinblue.com\/font\/Roboto\/Latin\/bold\/normal\/ece3a1d82f18b60bcce0211725c476aa.woff) format(\"woff\")\n  }\n\n  #sib-container input:-ms-input-placeholder {\n    text-align: left;\n    font-family: \"Helvetica\", sans-serif;\n    color: #c0ccda;\n  }\n\n  #sib-container input::placeholder {\n    text-align: left;\n    font-family: \"Helvetica\", sans-serif;\n    color: #c0ccda;\n  }\n\n  #sib-container textarea::placeholder {\n    text-align: left;\n    font-family: \"Helvetica\", sans-serif;\n    color: #c0ccda;\n  }\n<\/style>\n<link rel=\"stylesheet\" href=\"https:\/\/sibforms.com\/forms\/end-form\/build\/sib-styles.css\">\n<!--  END - We recommend to place the above code in head tag of your website html -->\n\n<!-- START - We recommend to place the below code where you want the form in your website html  -->\n<div class=\"sib-form\" style=\"text-align: center;\n         background-color: #ffffff;                                 \">\n  <div id=\"sib-form-container\" class=\"sib-form-container\">\n    <div id=\"error-message\" class=\"sib-form-message-panel\" style=\"font-size:16px; text-align:left; font-family:&quot;Helvetica&quot;, sans-serif; color:#661d1d; background-color:#ffeded; border-radius:3px; border-color:#ff4949;max-width:540px;\">\n      <div class=\"sib-form-message-panel__text sib-form-message-panel__text--center\">\n        <svg viewBox=\"0 0 512 512\" class=\"sib-icon sib-notification__icon\">\n          <path d=\"M256 40c118.621 0 216 96.075 216 216 0 119.291-96.61 216-216 216-119.244 0-216-96.562-216-216 0-119.203 96.602-216 216-216m0-32C119.043 8 8 119.083 8 256c0 136.997 111.043 248 248 248s248-111.003 248-248C504 119.083 392.957 8 256 8zm-11.49 120h22.979c6.823 0 12.274 5.682 11.99 12.5l-7 168c-.268 6.428-5.556 11.5-11.99 11.5h-8.979c-6.433 0-11.722-5.073-11.99-11.5l-7-168c-.283-6.818 5.167-12.5 11.99-12.5zM256 340c-15.464 0-28 12.536-28 28s12.536 28 28 28 28-12.536 28-28-12.536-28-28-28z\"><\/path>\n        <\/svg>\n        <span class=\"sib-form-message-panel__inner-text\">\n                          Nous n&#8217;avons pas pu confirmer votre inscription.\n                      <\/span>\n      <\/div>\n    <\/div>\n    <div><\/div>\n    <div id=\"success-message\" class=\"sib-form-message-panel\" style=\"font-size:16px; text-align:left; font-family:&quot;Helvetica&quot;, sans-serif; color:#085229; background-color:#e7faf0; border-radius:3px; border-color:#13ce66;max-width:540px;\">\n      <div class=\"sib-form-message-panel__text sib-form-message-panel__text--center\">\n        <svg viewBox=\"0 0 512 512\" class=\"sib-icon sib-notification__icon\">\n          <path d=\"M256 8C119.033 8 8 119.033 8 256s111.033 248 248 248 248-111.033 248-248S392.967 8 256 8zm0 464c-118.664 0-216-96.055-216-216 0-118.663 96.055-216 216-216 118.664 0 216 96.055 216 216 0 118.663-96.055 216-216 216zm141.63-274.961L217.15 376.071c-4.705 4.667-12.303 4.637-16.97-.068l-85.878-86.572c-4.667-4.705-4.637-12.303.068-16.97l8.52-8.451c4.705-4.667 12.303-4.637 16.97.068l68.976 69.533 163.441-162.13c4.705-4.667 12.303-4.637 16.97.068l8.451 8.52c4.668 4.705 4.637 12.303-.068 16.97z\"><\/path>\n        <\/svg>\n        <span class=\"sib-form-message-panel__inner-text\">\n                          Votre mail a bien \u00e9t\u00e9 enregistr\u00e9 ! Pour finaliser votre inscription, il vous suffit d\u00e9sormais de cliquer sur le lien que vous allez recevoir par mail. Merci et \u00e0 tr\u00e8s vite ! \n                      <\/span>\n      <\/div>\n    <\/div>\n    <div><\/div>\n    <div id=\"sib-container\" class=\"sib-container--large sib-container--vertical\" style=\"text-align:center; background-color:rgba(255,255,255,1); max-width:540px; border-radius:3px; border-width:1px; border-color:#C0CCD9; border-style:solid;\">\n      <form id=\"sib-form\" method=\"POST\" action=\"https:\/\/b4a3d077.sibforms.com\/serve\/MUIEABzi4n-FVA_iviQC3U8NzjOSfjXhfFH7e3u0b3N3tQpujgrFIQVx487o_xSqOULudf79rfyZj6SOaevmRecJRmHGF-7bWV5ldedmYmqNmFXkl8iyIzlxE74WMvT8VEs3OeNa2p3qJmtl6XekWhk1jFyEmvnEE4-daop21AzKsB21ErDVkVDFRj1CsjJUKpzJw0BBeNXE4_or\" data-type=\"subscription\">\n        <div style=\"padding: 8px 0;\">\n          <div class=\"sib-form-block sib-image-form-block\" style=\"text-align: center\">\n            <img src=\"https:\/\/img.mailinblue.com\/2420414\/images\/rnb\/original\/5ff43948b48c8149006fe2b5.jpg\" style=\"width: 500px;height: 154px;\" alt=\"\" title=\"\">\n          <\/div>\n        <\/div>\n        <div style=\"padding: 8px 0;\">\n          <div class=\"sib-form-block\" style=\"font-size:32px; text-align:left; font-weight:700; font-family:&quot;Helvetica&quot;, sans-serif; color:#3C4858; background-color:transparent;\">\n            <p>Newsletter<\/p>\n          <\/div>\n        <\/div>\n        <div style=\"padding: 8px 0;\">\n          <div class=\"sib-form-block\" style=\"font-size:16px; text-align:left; font-family:&quot;Helvetica&quot;, sans-serif; color:#3C4858; background-color:transparent;\">\n            <div class=\"sib-text-form-block\">\n              <p>Inscrivez-vous pour suivre notre actualit\u00e9 et soutenir notre action<\/p>\n            <\/div>\n          <\/div>\n        <\/div>\n        <div style=\"padding: 8px 0;\">\n          <div class=\"sib-input sib-form-block\">\n            <div class=\"form__entry entry_block\">\n              <div class=\"form__label-row \">\n                <label class=\"entry__label\" style=\"font-size:16px; text-align:left; font-weight:700; font-family:&quot;Helvetica&quot;, sans-serif; color:#3c4858;\" for=\"EMAIL\" data-required=\"*\">\n                  Veuillez renseigner votre adresse email pour vous inscrire\n                <\/label>\n\n                <div class=\"entry__field\">\n                  <input class=\"input\" type=\"text\" id=\"EMAIL\" name=\"EMAIL\" autocomplete=\"off\" placeholder=\"EMAIL\" data-required=\"true\" required=\"\">\n                <\/div>\n              <\/div>\n\n              <label class=\"entry__error entry__error--primary\" style=\"font-size:16px; text-align:left; font-family:&quot;Helvetica&quot;, sans-serif; color:#661d1d; background-color:#ffeded; border-radius:3px; border-color:#ff4949;\">\n              <\/label>\n              <label class=\"entry__specification\" style=\"font-size:12px; text-align:left; font-family:&quot;Helvetica&quot;, sans-serif; color:#8390A4;\">\n                L&#8217;association &#8220;je.tu.il&#8230;&#8221; s&#8217;engage \u00e0 ne pas transmettre ces informations \u00e0 un organisme ext\u00e9rieur.\n              <\/label>\n            <\/div>\n          <\/div>\n        <\/div>\n        <div style=\"padding: 8px 0;\">\n          <div class=\"sib-form-block\" style=\"text-align: left\">\n            <button class=\"sib-form-block__button sib-form-block__button-with-loader\" style=\"font-size:16px; text-align:left; font-weight:700; font-family:&quot;Helvetica&quot;, sans-serif; color:#FFFFFF; background-color:#3E4857; border-radius:3px; border-width:0px;\" form=\"sib-form\" type=\"submit\">\n              <svg class=\"icon clickable__icon progress-indicator__icon sib-hide-loader-icon\" viewBox=\"0 0 512 512\">\n                <path d=\"M460.116 373.846l-20.823-12.022c-5.541-3.199-7.54-10.159-4.663-15.874 30.137-59.886 28.343-131.652-5.386-189.946-33.641-58.394-94.896-95.833-161.827-99.676C261.028 55.961 256 50.751 256 44.352V20.309c0-6.904 5.808-12.337 12.703-11.982 83.556 4.306 160.163 50.864 202.11 123.677 42.063 72.696 44.079 162.316 6.031 236.832-3.14 6.148-10.75 8.461-16.728 5.01z\"><\/path>\n              <\/svg>\n              S&#8217;INSCRIRE\n            <\/button>\n          <\/div>\n        <\/div>\n\n        <input type=\"text\" name=\"email_address_check\" value=\"\" class=\"input--hidden\">\n        <input type=\"hidden\" name=\"locale\" value=\"fr\">\n      <\/form>\n    <\/div>\n  <\/div>\n<\/div>\n<!-- END - We recommend to place the below code where you want the form in your website html  -->\n\n<!-- START - We recommend to place the below code in footer or bottom of your website html  -->\n<script>\n  window.REQUIRED_CODE_ERROR_MESSAGE = 'Veuillez choisir un code pays';\n  window.LOCALE = 'fr';\n  window.EMAIL_INVALID_MESSAGE = window.SMS_INVALID_MESSAGE = \"Les informations que vous avez fournies ne sont pas valides. Veuillez v\u00e9rifier le format du champ et r\u00e9essayer.\";\n\n  window.REQUIRED_ERROR_MESSAGE = \"Vous devez renseigner ce champ. \";\n\n  window.GENERIC_INVALID_MESSAGE = \"Les informations que vous avez fournies ne sont pas valides. Veuillez v\u00e9rifier le format du champ et r\u00e9essayer.\";\n\n\n\n\n  window.translation = {\n    common: {\n      selectedList: '{quantity} liste s\u00e9lectionn\u00e9e',\n      selectedLists: '{quantity} listes s\u00e9lectionn\u00e9es'\n    }\n  };\n\n  var AUTOHIDE = Boolean(1);\n<\/script>\n<script src=\"https:\/\/sibforms.com\/forms\/end-form\/build\/main.js\"><\/script>\n\n\n<!-- END - We recommend to place the above code in footer or bottom of your website html  -->\n<!-- End Sendinblue Form -->\n<\/div>\n<\/div>\n\n\n\n<p><\/p>\n","protected":false},"excerpt":{"rendered":"<p>L&#8217;action Ce Je(u) entre nous En milieu scolaire L\u2019\u00e9ducation \u00e0 la responsabilit\u00e9 sexuelle et affective avec des jeunes de 15 \u00e0 18 ans, dans un but de pr\u00e9vention des conduites \u00e0 risque. Public cibl\u00e9 : le niveau 2nd ou 1\u00e8re, avec possibilit\u00e9 d&#8217;intervenir aupr\u00e8s des 3\u00e8mes. Deux interventions par classe, de deux heures chacune. Il [&hellip;]<\/p>\n","protected":false},"author":2,"featured_media":0,"parent":0,"menu_order":0,"comment_status":"closed","ping_status":"closed","template":"","meta":[],"_links":{"self":[{"href":"https:\/\/www.jetuil.asso.fr\/index.php\/wp-json\/wp\/v2\/pages\/9356"}],"collection":[{"href":"https:\/\/www.jetuil.asso.fr\/index.php\/wp-json\/wp\/v2\/pages"}],"about":[{"href":"https:\/\/www.jetuil.asso.fr\/index.php\/wp-json\/wp\/v2\/types\/page"}],"author":[{"embeddable":true,"href":"https:\/\/www.jetuil.asso.fr\/index.php\/wp-json\/wp\/v2\/users\/2"}],"replies":[{"embeddable":true,"href":"https:\/\/www.jetuil.asso.fr\/index.php\/wp-json\/wp\/v2\/comments?post=9356"}],"version-history":[{"count":51,"href":"https:\/\/www.jetuil.asso.fr\/index.php\/wp-json\/wp\/v2\/pages\/9356\/revisions"}],"predecessor-version":[{"id":10086,"href":"https:\/\/www.jetuil.asso.fr\/index.php\/wp-json\/wp\/v2\/pages\/9356\/revisions\/10086"}],"wp:attachment":[{"href":"https:\/\/www.jetuil.asso.fr\/index.php\/wp-json\/wp\/v2\/media?parent=9356"}],"curies":[{"name":"wp","href":"https:\/\/api.w.org\/{rel}","templated":true}]}}