{"id":9739,"date":"2024-03-26T17:48:01","date_gmt":"2024-03-26T16:48:01","guid":{"rendered":"https:\/\/www.jetuil.asso.fr\/?page_id=9739"},"modified":"2026-04-15T11:56:06","modified_gmt":"2026-04-15T09:56:06","slug":"nos-actions-2","status":"publish","type":"page","link":"https:\/\/www.jetuil.asso.fr\/index.php\/nos-actions-2\/","title":{"rendered":"Nos actions"},"content":{"rendered":"\n<div style=\"height:40px\" aria-hidden=\"true\" class=\"wp-block-spacer\"><\/div>\n\n\n\n<div class=\"wp-block-media-text alignwide is-vertically-aligned-center jetuil_width80\" style=\"grid-template-columns:15% auto\"><figure class=\"wp-block-media-text__media\"><img loading=\"lazy\" width=\"135\" height=\"120\" src=\"https:\/\/www.jetuil.asso.fr\/wp-content\/uploads\/2021\/01\/logoJTL-spirale.jpg\" alt=\"\" class=\"wp-image-5587 size-full\"\/><\/figure><div class=\"wp-block-media-text__content\">\n<h1 class=\"has-text-align-left\"><strong>Nos actions<\/strong><\/h1>\n\n\n\n<p class=\"jetuil_font27\"><strong>Aujourd&#8217;hui, les actions de l&#8217;association &#8220;je.tu.il&#8230;&#8221; s&#8217;articulent autour de trois p\u00f4les. <\/strong><\/p>\n<\/div><\/div>\n\n\n\n<div style=\"height:50px\" aria-hidden=\"true\" class=\"wp-block-spacer\"><\/div>\n\n\n\n<div class=\"wp-block-media-text alignwide has-media-on-the-right is-stacked-on-mobile\" style=\"grid-template-columns:auto 47%\"><figure class=\"wp-block-media-text__media\"><img loading=\"lazy\" width=\"918\" height=\"958\" src=\"https:\/\/www.jetuil.asso.fr\/wp-content\/uploads\/2024\/03\/Capture-decran-2024-03-27-a-10.57.19.png\" alt=\"\" class=\"wp-image-9782 size-full\" srcset=\"https:\/\/www.jetuil.asso.fr\/wp-content\/uploads\/2024\/03\/Capture-decran-2024-03-27-a-10.57.19.png 918w, https:\/\/www.jetuil.asso.fr\/wp-content\/uploads\/2024\/03\/Capture-decran-2024-03-27-a-10.57.19-287x300.png 287w, https:\/\/www.jetuil.asso.fr\/wp-content\/uploads\/2024\/03\/Capture-decran-2024-03-27-a-10.57.19-768x801.png 768w, https:\/\/www.jetuil.asso.fr\/wp-content\/uploads\/2024\/03\/Capture-decran-2024-03-27-a-10.57.19-600x626.png 600w\" sizes=\"(max-width: 918px) 100vw, 918px\" \/><\/figure><div class=\"wp-block-media-text__content\">\n<p class=\"jetuil_font27\"><strong>La conception et la r\u00e9alisation de programmes audiovisuels<\/strong><\/p>\n\n\n\n<p class=\"jetuil_font21\">Depuis plus de 40 ans, \u201cje.tu.il\u2026\u201d s\u2019emploie \u00e0 concevoir&nbsp;<strong>des programmes&nbsp;d\u2019\u00e9ducation et de pr\u00e9vention&nbsp;susceptibles&nbsp;de susciter&nbsp;la r\u00e9flexion autour des pr\u00e9occupations&nbsp;propres \u00e0 l\u2019enfance ou \u00e0 l\u2019adolescence, <\/strong>dans l\u2019objectif de les accompagner dans leur d\u00e9veloppement.<\/p>\n\n\n\n<p class=\"jetuil_font21\">Aujourd&#8217;hui, \u00e0 travers les programmes <strong>\u00ab&nbsp;EN VISAGE&nbsp;\u00bb<\/strong> \u00e0 destination des 12-15 ans et <strong>\u00ab&nbsp;Ce je(u) entre nous&nbsp;\u00bb<\/strong> pour les 15-18, l&#8217;alternance entre s\u00e9quences film\u00e9es et interactivit\u00e9 r\u00e9flexive nous permet de <strong>mettre au travail le collectif <\/strong>lors des diff\u00e9rentes \u00e9tapes de l&#8217;adolescence.<\/p>\n\n\n\n<p class=\"jetuil_font21\"><a href=\"https:\/\/www.jetuil.asso.fr\/index.php\/en-visage\/\" target=\"_blank\" rel=\"noreferrer noopener\"><strong>En savoir plus sur le programme EN VISAGE<\/strong><\/a><\/p>\n\n\n\n<p class=\"jetuil_font21\"><a href=\"https:\/\/www.jetuil.asso.fr\/index.php\/ce-jeu-entre-nous\/\" target=\"_blank\" rel=\"noreferrer noopener\"><strong>En savoir plus sur le programme &#8220;Ce Je(u) entre nous&#8221;<\/strong><\/a><\/p>\n\n\n\n<p class=\"jetuil_font21\"><a rel=\"noreferrer noopener\" href=\"https:\/\/www.jetuil.asso.fr\/wp-content\/uploads\/2022\/04\/CV-JETUIL-2022.pdf\" target=\"_blank\"><strong>40 ans de cr\u00e9ations<\/strong><\/a><\/p>\n<\/div><\/div>\n\n\n\n<div class=\"wp-block-image\"><figure class=\"aligncenter size-thumbnail is-resized\"><img loading=\"lazy\" src=\"https:\/\/www.jetuil.asso.fr\/wp-content\/uploads\/2024\/03\/logoJTL-fleches-87x150.jpg\" alt=\"\" class=\"wp-image-9690\" width=\"53\" height=\"90\"\/><\/figure><\/div>\n\n\n\n<div class=\"wp-block-media-text alignwide has-media-on-the-right is-stacked-on-mobile\" style=\"grid-template-columns:auto 42%\"><figure class=\"wp-block-media-text__media\"><img loading=\"lazy\" width=\"886\" height=\"954\" src=\"https:\/\/www.jetuil.asso.fr\/wp-content\/uploads\/2024\/03\/Capture-decran-2024-03-28-a-11.05.12.png\" alt=\"\" class=\"wp-image-9811 size-full\" srcset=\"https:\/\/www.jetuil.asso.fr\/wp-content\/uploads\/2024\/03\/Capture-decran-2024-03-28-a-11.05.12.png 886w, https:\/\/www.jetuil.asso.fr\/wp-content\/uploads\/2024\/03\/Capture-decran-2024-03-28-a-11.05.12-279x300.png 279w, https:\/\/www.jetuil.asso.fr\/wp-content\/uploads\/2024\/03\/Capture-decran-2024-03-28-a-11.05.12-768x827.png 768w, https:\/\/www.jetuil.asso.fr\/wp-content\/uploads\/2024\/03\/Capture-decran-2024-03-28-a-11.05.12-600x646.png 600w\" sizes=\"(max-width: 886px) 100vw, 886px\" \/><\/figure><div class=\"wp-block-media-text__content\">\n<p class=\"jetuil_font27\"><strong>Les interventions en milieu scolaire et judiciaire<\/strong><\/p>\n\n\n\n<p class=\"jetuil_font21\">L&#8217;association met en place&nbsp;un <strong>parcours d\u2019espaces d\u2019\u00e9changes&nbsp;en&nbsp;collectif&nbsp;sur la th\u00e9matique de&nbsp;la responsabilit\u00e9 affective, sexuelle et citoyenne<\/strong>, en milieu scolaire et judiciaire. Ces interventions s&#8217;inscrivent dans le cadre d&#8217;un <strong>partenariat<\/strong> avec les \u00e9tablissements.&nbsp;Elles&nbsp;sont pr\u00e9c\u00e9d\u00e9es d&#8217;une <strong>r\u00e9union pr\u00e9paratoire<\/strong>&nbsp;permettant entre autres de d\u00e9finir ensemble les objectifs de l\u2019intervention,&nbsp;et suivies d\u2019une <strong>r\u00e9union bilan<\/strong> s\u2019appuyant sur un document \u00e9crit r\u00e9dig\u00e9 notamment&nbsp;\u00e0 partir des questionnaires d\u2019\u00e9valuations, anonymes et individuels,&nbsp;remplis par les jeunes \u00e0 l&#8217;issue des interventions.&nbsp;<\/p>\n\n\n\n<p class=\"jetuil_font21\"><strong><a href=\"https:\/\/www.jetuil.asso.fr\/index.php\/nos-actions\/\" target=\"_blank\" rel=\"noreferrer noopener\">La p\u00e9dagogie de nos interventions<\/a><\/strong><\/p>\n\n\n\n<p class=\"jetuil_font21\"><a rel=\"noreferrer noopener\" href=\"https:\/\/www.jetuil.asso.fr\/index.php\/laction-en-visage\/\" target=\"_blank\"><strong>Nos interventions dans les coll\u00e8ges<\/strong><\/a><\/p>\n\n\n\n<p class=\"jetuil_font21\"><strong><a rel=\"noreferrer noopener\" href=\"https:\/\/www.jetuil.asso.fr\/index.php\/laction-ce-jeu-entre-nous\/\" target=\"_blank\">Nos interventions dans les lyc\u00e9es<\/a><\/strong><\/p>\n\n\n\n<p class=\"jetuil_font21\"><strong><a href=\"https:\/\/www.jetuil.asso.fr\/index.php\/laction-pjj-justice\/\" target=\"_blank\" rel=\"noreferrer noopener\">Nos interventions en milieu judiciaire<\/a><\/strong><\/p>\n<\/div><\/div>\n\n\n\n<div class=\"wp-block-image\"><figure class=\"aligncenter size-thumbnail is-resized\"><img loading=\"lazy\" src=\"https:\/\/www.jetuil.asso.fr\/wp-content\/uploads\/2024\/03\/logoJTL-fleches-87x150.jpg\" alt=\"\" class=\"wp-image-9690\" width=\"53\" height=\"90\"\/><\/figure><\/div>\n\n\n\n<div class=\"wp-block-media-text alignwide has-media-on-the-right is-stacked-on-mobile\" style=\"grid-template-columns:auto 42%\"><figure class=\"wp-block-media-text__media\"><img loading=\"lazy\" width=\"1024\" height=\"711\" src=\"https:\/\/www.jetuil.asso.fr\/wp-content\/uploads\/2024\/04\/Capture-decran-2024-04-03-a-17.16.49-1024x711.png\" alt=\"\" class=\"wp-image-9864 size-full\" srcset=\"https:\/\/www.jetuil.asso.fr\/wp-content\/uploads\/2024\/04\/Capture-decran-2024-04-03-a-17.16.49-1024x711.png 1024w, https:\/\/www.jetuil.asso.fr\/wp-content\/uploads\/2024\/04\/Capture-decran-2024-04-03-a-17.16.49-300x208.png 300w, https:\/\/www.jetuil.asso.fr\/wp-content\/uploads\/2024\/04\/Capture-decran-2024-04-03-a-17.16.49-768x533.png 768w, https:\/\/www.jetuil.asso.fr\/wp-content\/uploads\/2024\/04\/Capture-decran-2024-04-03-a-17.16.49-600x417.png 600w, https:\/\/www.jetuil.asso.fr\/wp-content\/uploads\/2024\/04\/Capture-decran-2024-04-03-a-17.16.49.png 1112w\" sizes=\"(max-width: 1024px) 100vw, 1024px\" \/><\/figure><div class=\"wp-block-media-text__content\">\n<p class=\"jetuil_font27\"><strong>Les formations d&#8217;\u00e9quipes pluridisciplinaires<\/strong><\/p>\n\n\n\n<p class=\"jetuil_font21\">Les formations s&#8217;adressent \u00e0 des professionnel\u00b7le\u00b7s de l\u2019Education Nationale, de la Protection judiciaire de la Jeunesse, des M.E.C.S et du monde associatif. <\/p>\n\n\n\n<p class=\"jetuil_font21\">Interactives, elles reposent sur <strong>un outillage th\u00e9orique et pratique<\/strong> pour appr\u00e9hender le sens et la port\u00e9e p\u00e9dagogique d\u2019une action \u00e0 destination des adolescent\u00b7e\u00b7s, sur des sujets qui les concernent, dans un but de <strong>pr\u00e9vention des violences, des comportements sexistes et des conduites \u00e0 risques<\/strong>.<\/p>\n\n\n\n<p class=\"jetuil_font21\"><strong><a href=\"https:\/\/www.jetuil.asso.fr\/index.php\/formation-dequipes\/\" target=\"_blank\" rel=\"noreferrer noopener\">Nos formations d&#8217;\u00e9quipes<\/a><\/strong><\/p>\n\n\n\n<p class=\"jetuil_font21\"><strong><a href=\"https:\/\/www.jetuil.asso.fr\/wp-content\/uploads\/2026\/04\/BILAN-DES-FORMATIONS-2025.pdf\" data-type=\"URL\" data-id=\"https:\/\/www.jetuil.asso.fr\/wp-content\/uploads\/2026\/04\/BILAN-DES-FORMATIONS-2025.pdf\" target=\"_blank\" rel=\"noreferrer noopener\">Le bilan quantitatif et qualitatif de nos formations en 2025<\/a><\/strong><\/p>\n<\/div><\/div>\n\n\n\n<div style=\"height:60px\" aria-hidden=\"true\" class=\"wp-block-spacer\"><\/div>\n\n\n\n<!-- Begin Sendinblue Form -->\n<!-- START - We recommend to place the below code in head tag of your website html  -->\n<style>\n  @font-face {\n    font-display: block;\n    font-family: Roboto;\n    src: url(https:\/\/assets.sendinblue.com\/font\/Roboto\/Latin\/normal\/normal\/7529907e9eaf8ebb5220c5f9850e3811.woff2) format(\"woff2\"), url(https:\/\/assets.sendinblue.com\/font\/Roboto\/Latin\/normal\/normal\/25c678feafdc175a70922a116c9be3e7.woff) format(\"woff\")\n  }\n\n  @font-face {\n    font-display: fallback;\n    font-family: Roboto;\n    font-weight: 600;\n    src: url(https:\/\/assets.sendinblue.com\/font\/Roboto\/Latin\/medium\/normal\/6e9caeeafb1f3491be3e32744bc30440.woff2) format(\"woff2\"), url(https:\/\/assets.sendinblue.com\/font\/Roboto\/Latin\/medium\/normal\/71501f0d8d5aa95960f6475d5487d4c2.woff) format(\"woff\")\n  }\n\n  @font-face {\n    font-display: fallback;\n    font-family: Roboto;\n    font-weight: 700;\n    src: url(https:\/\/assets.sendinblue.com\/font\/Roboto\/Latin\/bold\/normal\/3ef7cf158f310cf752d5ad08cd0e7e60.woff2) format(\"woff2\"), url(https:\/\/assets.sendinblue.com\/font\/Roboto\/Latin\/bold\/normal\/ece3a1d82f18b60bcce0211725c476aa.woff) format(\"woff\")\n  }\n\n  #sib-container input:-ms-input-placeholder {\n    text-align: left;\n    font-family: \"Helvetica\", sans-serif;\n    color: #c0ccda;\n  }\n\n  #sib-container input::placeholder {\n    text-align: left;\n    font-family: \"Helvetica\", sans-serif;\n    color: #c0ccda;\n  }\n\n  #sib-container textarea::placeholder {\n    text-align: left;\n    font-family: \"Helvetica\", sans-serif;\n    color: #c0ccda;\n  }\n<\/style>\n<link rel=\"stylesheet\" href=\"https:\/\/sibforms.com\/forms\/end-form\/build\/sib-styles.css\">\n<!--  END - We recommend to place the above code in head tag of your website html -->\n\n<!-- START - We recommend to place the below code where you want the form in your website html  -->\n<div class=\"sib-form\" style=\"text-align: center;\n         background-color: #ffffff;                                 \">\n  <div id=\"sib-form-container\" class=\"sib-form-container\">\n    <div id=\"error-message\" class=\"sib-form-message-panel\" style=\"font-size:16px; text-align:left; font-family:&quot;Helvetica&quot;, sans-serif; color:#661d1d; background-color:#ffeded; border-radius:3px; border-color:#ff4949;max-width:540px;\">\n      <div class=\"sib-form-message-panel__text sib-form-message-panel__text--center\">\n        <svg viewBox=\"0 0 512 512\" class=\"sib-icon sib-notification__icon\">\n          <path d=\"M256 40c118.621 0 216 96.075 216 216 0 119.291-96.61 216-216 216-119.244 0-216-96.562-216-216 0-119.203 96.602-216 216-216m0-32C119.043 8 8 119.083 8 256c0 136.997 111.043 248 248 248s248-111.003 248-248C504 119.083 392.957 8 256 8zm-11.49 120h22.979c6.823 0 12.274 5.682 11.99 12.5l-7 168c-.268 6.428-5.556 11.5-11.99 11.5h-8.979c-6.433 0-11.722-5.073-11.99-11.5l-7-168c-.283-6.818 5.167-12.5 11.99-12.5zM256 340c-15.464 0-28 12.536-28 28s12.536 28 28 28 28-12.536 28-28-12.536-28-28-28z\"><\/path>\n        <\/svg>\n        <span class=\"sib-form-message-panel__inner-text\">\n                          Nous n&#8217;avons pas pu confirmer votre inscription.\n                      <\/span>\n      <\/div>\n    <\/div>\n    <div><\/div>\n    <div id=\"success-message\" class=\"sib-form-message-panel\" style=\"font-size:16px; text-align:left; font-family:&quot;Helvetica&quot;, sans-serif; color:#085229; background-color:#e7faf0; border-radius:3px; border-color:#13ce66;max-width:540px;\">\n      <div class=\"sib-form-message-panel__text sib-form-message-panel__text--center\">\n        <svg viewBox=\"0 0 512 512\" class=\"sib-icon sib-notification__icon\">\n          <path d=\"M256 8C119.033 8 8 119.033 8 256s111.033 248 248 248 248-111.033 248-248S392.967 8 256 8zm0 464c-118.664 0-216-96.055-216-216 0-118.663 96.055-216 216-216 118.664 0 216 96.055 216 216 0 118.663-96.055 216-216 216zm141.63-274.961L217.15 376.071c-4.705 4.667-12.303 4.637-16.97-.068l-85.878-86.572c-4.667-4.705-4.637-12.303.068-16.97l8.52-8.451c4.705-4.667 12.303-4.637 16.97.068l68.976 69.533 163.441-162.13c4.705-4.667 12.303-4.637 16.97.068l8.451 8.52c4.668 4.705 4.637 12.303-.068 16.97z\"><\/path>\n        <\/svg>\n        <span class=\"sib-form-message-panel__inner-text\">\n                          Votre mail a bien \u00e9t\u00e9 enregistr\u00e9 ! Pour finaliser votre inscription, il vous suffit d\u00e9sormais de cliquer sur le lien que vous allez recevoir par mail. Merci et \u00e0 tr\u00e8s vite ! \n                      <\/span>\n      <\/div>\n    <\/div>\n    <div><\/div>\n    <div id=\"sib-container\" class=\"sib-container--large sib-container--vertical\" style=\"text-align:center; background-color:rgba(255,255,255,1); max-width:540px; border-radius:3px; border-width:1px; border-color:#C0CCD9; border-style:solid;\">\n      <form id=\"sib-form\" method=\"POST\" action=\"https:\/\/b4a3d077.sibforms.com\/serve\/MUIEAOZXxeRX6FIAA7FHy-tGEZgq7tF4W9LsS96lQXIih-Grzy-L6HMg2HAqRZ3yZmDNL4HtrLzjl3F2l6Bo1tMcsIKz1j1Ej0-dk2JrBMlZYWz5fNYtkwacLNnCKzgQ5lrx2iy6SW_bPkC_V6aUcb6Sh4Vi6mv-7DYm_TY9Dkz-xiuyJT-xMar4Vc19mQZ0ernC7SY2RvtsKxDN\" data-type=\"subscription\">\n        <div style=\"padding: 8px 0;\">\n          <div class=\"sib-form-block sib-image-form-block\" style=\"text-align: center\">\n            <img src=\"https:\/\/img.mailinblue.com\/2420414\/images\/rnb\/original\/5ff43948b48c8149006fe2b5.jpg\" style=\"width: 500px;height: 154px;\" alt=\"\" title=\"\">\n          <\/div>\n        <\/div>\n        <div style=\"padding: 8px 0;\">\n          <div class=\"sib-form-block\" style=\"font-size:32px; text-align:left; font-weight:700; font-family:&quot;Helvetica&quot;, sans-serif; color:#3C4858; background-color:transparent;\">\n            <p>Newsletter<\/p>\n          <\/div>\n        <\/div>\n        <div style=\"padding: 8px 0;\">\n          <div class=\"sib-form-block\" style=\"font-size:16px; text-align:left; font-family:&quot;Helvetica&quot;, sans-serif; color:#3C4858; background-color:transparent;\">\n            <div class=\"sib-text-form-block\">\n              <p>Inscrivez-vous pour suivre notre actualit\u00e9 et soutenir notre action<\/p>\n            <\/div>\n          <\/div>\n        <\/div>\n        <div style=\"padding: 8px 0;\">\n          <div class=\"sib-input sib-form-block\">\n            <div class=\"form__entry entry_block\">\n              <div class=\"form__label-row \">\n                <label class=\"entry__label\" style=\"font-size:16px; text-align:left; font-weight:700; font-family:&quot;Helvetica&quot;, sans-serif; color:#3c4858;\" for=\"EMAIL\" data-required=\"*\">\n                  Veuillez renseigner votre adresse email pour vous inscrire\n                <\/label>\n\n                <div class=\"entry__field\">\n                  <input class=\"input\" type=\"text\" id=\"EMAIL\" name=\"EMAIL\" autocomplete=\"off\" placeholder=\"EMAIL\" data-required=\"true\" required=\"\">\n                <\/div>\n              <\/div>\n\n              <label class=\"entry__error entry__error--primary\" style=\"font-size:16px; text-align:left; font-family:&quot;Helvetica&quot;, sans-serif; color:#661d1d; background-color:#ffeded; border-radius:3px; border-color:#ff4949;\">\n              <\/label>\n              <label class=\"entry__specification\" style=\"font-size:12px; text-align:left; font-family:&quot;Helvetica&quot;, sans-serif; color:#8390A4;\">\n                L&#8217;association &#8220;je.tu.il&#8230;&#8221; s&#8217;engage \u00e0 ne pas transmettre ces informations \u00e0 un organisme ext\u00e9rieur.\n              <\/label>\n            <\/div>\n          <\/div>\n        <\/div>\n        <div style=\"padding: 8px 0;\">\n          <div class=\"sib-form-block\" style=\"text-align: left\">\n            <button class=\"sib-form-block__button sib-form-block__button-with-loader\" style=\"font-size:16px; text-align:left; font-weight:700; font-family:&quot;Helvetica&quot;, sans-serif; color:#FFFFFF; background-color:#3E4857; border-radius:3px; border-width:0px;\" form=\"sib-form\" type=\"submit\">\n              <svg class=\"icon clickable__icon progress-indicator__icon sib-hide-loader-icon\" viewBox=\"0 0 512 512\">\n                <path d=\"M460.116 373.846l-20.823-12.022c-5.541-3.199-7.54-10.159-4.663-15.874 30.137-59.886 28.343-131.652-5.386-189.946-33.641-58.394-94.896-95.833-161.827-99.676C261.028 55.961 256 50.751 256 44.352V20.309c0-6.904 5.808-12.337 12.703-11.982 83.556 4.306 160.163 50.864 202.11 123.677 42.063 72.696 44.079 162.316 6.031 236.832-3.14 6.148-10.75 8.461-16.728 5.01z\"><\/path>\n              <\/svg>\n              S&#8217;INSCRIRE\n            <\/button>\n          <\/div>\n        <\/div>\n\n        <input type=\"text\" name=\"email_address_check\" value=\"\" class=\"input--hidden\">\n        <input type=\"hidden\" name=\"locale\" value=\"fr\">\n      <\/form>\n    <\/div>\n  <\/div>\n<\/div>\n<!-- END - We recommend to place the below code where you want the form in your website html  -->\n\n<!-- START - We recommend to place the below code in footer or bottom of your website html  -->\n<script>\n  window.REQUIRED_CODE_ERROR_MESSAGE = 'Veuillez choisir un code pays';\n  window.LOCALE = 'fr';\n  window.EMAIL_INVALID_MESSAGE = window.SMS_INVALID_MESSAGE = \"Les informations que vous avez fournies ne sont pas valides. Veuillez v\u00e9rifier le format du champ et r\u00e9essayer.\";\n\n  window.REQUIRED_ERROR_MESSAGE = \"Vous devez renseigner ce champ. \";\n\n  window.GENERIC_INVALID_MESSAGE = \"Les informations que vous avez fournies ne sont pas valides. Veuillez v\u00e9rifier le format du champ et r\u00e9essayer.\";\n\n\n\n\n  window.translation = {\n    common: {\n      selectedList: '{quantity} liste s\u00e9lectionn\u00e9e',\n      selectedLists: '{quantity} listes s\u00e9lectionn\u00e9es'\n    }\n  };\n\n  var AUTOHIDE = Boolean(1);\n<\/script>\n<script src=\"https:\/\/sibforms.com\/forms\/end-form\/build\/main.js\"><\/script>\n\n\n<!-- END - We recommend to place the above code in footer or bottom of your website html  -->\n<!-- End Sendinblue Form -->\n\n\n\n<p class=\"jetuil_width80 jetuil_font21\"><\/p>\n","protected":false},"excerpt":{"rendered":"<p>Nos actions Aujourd&#8217;hui, les actions de l&#8217;association &#8220;je.tu.il&#8230;&#8221; s&#8217;articulent autour de trois p\u00f4les. La conception et la r\u00e9alisation de programmes audiovisuels Depuis plus de 40 ans, \u201cje.tu.il\u2026\u201d s\u2019emploie \u00e0 concevoir&nbsp;des programmes&nbsp;d\u2019\u00e9ducation et de pr\u00e9vention&nbsp;susceptibles&nbsp;de susciter&nbsp;la r\u00e9flexion autour des pr\u00e9occupations&nbsp;propres \u00e0 l\u2019enfance ou \u00e0 l\u2019adolescence, dans l\u2019objectif de les accompagner dans leur d\u00e9veloppement. Aujourd&#8217;hui, \u00e0 travers [&hellip;]<\/p>\n","protected":false},"author":2,"featured_media":0,"parent":0,"menu_order":0,"comment_status":"closed","ping_status":"closed","template":"","meta":[],"_links":{"self":[{"href":"https:\/\/www.jetuil.asso.fr\/index.php\/wp-json\/wp\/v2\/pages\/9739"}],"collection":[{"href":"https:\/\/www.jetuil.asso.fr\/index.php\/wp-json\/wp\/v2\/pages"}],"about":[{"href":"https:\/\/www.jetuil.asso.fr\/index.php\/wp-json\/wp\/v2\/types\/page"}],"author":[{"embeddable":true,"href":"https:\/\/www.jetuil.asso.fr\/index.php\/wp-json\/wp\/v2\/users\/2"}],"replies":[{"embeddable":true,"href":"https:\/\/www.jetuil.asso.fr\/index.php\/wp-json\/wp\/v2\/comments?post=9739"}],"version-history":[{"count":85,"href":"https:\/\/www.jetuil.asso.fr\/index.php\/wp-json\/wp\/v2\/pages\/9739\/revisions"}],"predecessor-version":[{"id":10525,"href":"https:\/\/www.jetuil.asso.fr\/index.php\/wp-json\/wp\/v2\/pages\/9739\/revisions\/10525"}],"wp:attachment":[{"href":"https:\/\/www.jetuil.asso.fr\/index.php\/wp-json\/wp\/v2\/media?parent=9739"}],"curies":[{"name":"wp","href":"https:\/\/api.w.org\/{rel}","templated":true}]}}