{"id":3974,"date":"2020-10-22T14:23:01","date_gmt":"2020-10-22T12:23:01","guid":{"rendered":"https:\/\/www.jetuil.asso.fr\/?post_type=product&#038;p=3974"},"modified":"2020-10-22T15:13:46","modified_gmt":"2020-10-22T13:13:46","slug":"dvd-cet-autre-que-moi","status":"publish","type":"product","link":"https:\/\/www.jetuil.asso.fr\/index.php\/produit\/dvd-cet-autre-que-moi\/","title":{"rendered":"DVD Cet Autre que Moi (2006)"},"content":{"rendered":"\n<div style=\"height:30px\" aria-hidden=\"true\" class=\"wp-block-spacer\"><\/div>\n\n\n\n<div class=\"wp-block-media-text alignwide\" style=\"grid-template-columns:27% auto\"><figure class=\"wp-block-media-text__media\"><img loading=\"lazy\" width=\"716\" height=\"1024\" src=\"https:\/\/www.jetuil.asso.fr\/wp-content\/uploads\/2019\/12\/jaquette-CAM2-716x1024.jpeg\" alt=\"\" class=\"wp-image-2750\" srcset=\"https:\/\/www.jetuil.asso.fr\/wp-content\/uploads\/2019\/12\/jaquette-CAM2-716x1024.jpeg 716w, https:\/\/www.jetuil.asso.fr\/wp-content\/uploads\/2019\/12\/jaquette-CAM2-210x300.jpeg 210w, https:\/\/www.jetuil.asso.fr\/wp-content\/uploads\/2019\/12\/jaquette-CAM2-768x1099.jpeg 768w, https:\/\/www.jetuil.asso.fr\/wp-content\/uploads\/2019\/12\/jaquette-CAM2-600x858.jpeg 600w, https:\/\/www.jetuil.asso.fr\/wp-content\/uploads\/2019\/12\/jaquette-CAM2.jpeg 864w\" sizes=\"(max-width: 716px) 100vw, 716px\" \/><\/figure><div class=\"wp-block-media-text__content\">\n<p class=\"jetuil_width80 jetuil_font27 jetuil_liedevin_dark\">Le programme s\u2019appuie sur les questions li\u00e9es \u00e0 la pubert\u00e9, \u00e0 la sexualit\u00e9 et \u00e0 la diff\u00e9rence, en commen\u00e7ant par la diff\u00e9rence des sexes, et articule autour de quatre fictions les th\u00e9matiques majeures de la jeune adolescence d\u2019aujourd\u2019hui, illustrant comment les violences peuvent trouver racine dans des propos ou des comportements banalement sexistes.<\/p>\n\n\n\n<p class=\"jetuil_width80 jetuil_font27 jetuil_liedevin_dark\"><a href=\"https:\/\/www.jetuil.asso.fr\/index.php\/cet-autre-que-moi-2006\/\">Voir la fiche compl\u00e8te et le teaser.<\/a><\/p>\n\n\n\n<p class=\"jetuil_width80 jetuil_font27 jetuil_liedevin_dark\"><strong>Cet autre que Moi &#8211; 2 DVD<\/strong><\/p>\n\n\n\n<p class=\"jetuil_width80 jetuil_font27 jetuil_liedevin_dark\">Pour l&#8217;achat du programme, recevez les films ainsi que le DVD p\u00e9dagogique l&#8217;accompagnant. <\/p>\n<\/div><\/div>\n\n\n\n<div style=\"height:50px\" aria-hidden=\"true\" class=\"wp-block-spacer\"><\/div>\n","protected":false},"excerpt":{"rendered":"<ul>\n<li>Le DVD des films est accompagn\u00e9 du &#8220;DVD p\u00e9dagogique&#8221; \u00e9dit\u00e9 en 2011<\/li>\n<li>Droits de diffusion dans le cadre institutionnel<\/li>\n<li>Un mois d&#8217;abonnement offert, \u00e0 titre individuel, \u00e0 notre plateforme de streaming<\/li>\n<li>Frais de port inclus<\/li>\n<\/ul>\n","protected":false},"featured_media":0,"comment_status":"closed","ping_status":"closed","template":"","meta":[],"_links":{"self":[{"href":"https:\/\/www.jetuil.asso.fr\/index.php\/wp-json\/wp\/v2\/product\/3974"}],"collection":[{"href":"https:\/\/www.jetuil.asso.fr\/index.php\/wp-json\/wp\/v2\/product"}],"about":[{"href":"https:\/\/www.jetuil.asso.fr\/index.php\/wp-json\/wp\/v2\/types\/product"}],"replies":[{"embeddable":true,"href":"https:\/\/www.jetuil.asso.fr\/index.php\/wp-json\/wp\/v2\/comments?post=3974"}],"wp:attachment":[{"href":"https:\/\/www.jetuil.asso.fr\/index.php\/wp-json\/wp\/v2\/media?parent=3974"}],"curies":[{"name":"wp","href":"https:\/\/api.w.org\/{rel}","templated":true}]}}