{"id":4000,"date":"2020-10-23T11:04:49","date_gmt":"2020-10-23T09:04:49","guid":{"rendered":"https:\/\/www.jetuil.asso.fr\/?post_type=product&#038;p=4000"},"modified":"2020-10-29T12:00:24","modified_gmt":"2020-10-29T11:00:24","slug":"cet-autre-que-moi-le-dvd-pedagogique-2011","status":"publish","type":"product","link":"https:\/\/www.jetuil.asso.fr\/index.php\/produit\/cet-autre-que-moi-le-dvd-pedagogique-2011\/","title":{"rendered":"Mener des espaces d&#8217;\u00e9change &#8211; Cet Autre que Moi &#8211; le DVD p\u00e9dagogique (2011)"},"content":{"rendered":"\n<div style=\"height:30px\" aria-hidden=\"true\" class=\"wp-block-spacer\"><\/div>\n\n\n\n<div class=\"wp-block-media-text alignwide\" style=\"grid-template-columns:28% auto\"><figure class=\"wp-block-media-text__media\"><img loading=\"lazy\" width=\"725\" height=\"1024\" src=\"https:\/\/www.jetuil.asso.fr\/wp-content\/uploads\/2020\/10\/DVD-p\u00e9dago-725x1024.jpg\" alt=\"\" class=\"wp-image-4001\" srcset=\"https:\/\/www.jetuil.asso.fr\/wp-content\/uploads\/2020\/10\/DVD-p\u00e9dago-725x1024.jpg 725w, https:\/\/www.jetuil.asso.fr\/wp-content\/uploads\/2020\/10\/DVD-p\u00e9dago-212x300.jpg 212w, https:\/\/www.jetuil.asso.fr\/wp-content\/uploads\/2020\/10\/DVD-p\u00e9dago-600x848.jpg 600w, https:\/\/www.jetuil.asso.fr\/wp-content\/uploads\/2020\/10\/DVD-p\u00e9dago.jpg 762w\" sizes=\"(max-width: 725px) 100vw, 725px\" \/><\/figure><div class=\"wp-block-media-text__content\">\n<p class=\"has-large-font-size jetuil_width80 jetuil_font27 jetuil_liedevin_dark\">UN COMPL\u00c9MENT P\u00c9DAGOGIQUE AU PROGRAMME AUDIOVISUEL &#8220;CET AUTRE QUE MOI&#8221;<\/p>\n\n\n\n<p class=\"jetuil_width80 jetuil_font27 jetuil_liedevin_dark\">Travaillant avec les coll\u00e8ges parisiens depuis plusieurs ann\u00e9es, nous avons pu filmer animations et r\u00e9unions, que nous avons ensuite pris soin de monter au profit de la transmission.<\/p>\n\n\n\n<p class=\"jetuil_width80 jetuil_font27 jetuil_liedevin_dark jetuil_uppercase\">A destination des professionnels souhaitant mettre en place des espaces d&#8217;\u00e9change sur leur territoire et au sein de leur structure. <\/p>\n<\/div><\/div>\n\n\n\n<div style=\"height:50px\" aria-hidden=\"true\" class=\"wp-block-spacer\"><\/div>\n","protected":false},"excerpt":{"rendered":"<ul>\n<li>Trois animations, une r\u00e9union p\u00e9dagogique et deux r\u00e9unions bilan\/pr\u00e9paratoire film\u00e9es en int\u00e9gralit\u00e9.<\/li>\n<li>Droits de diffusion dans le cadre institutionnel.<\/li>\n<li>Un mois d&#8217;abonnement offert, \u00e0 titre individuel, \u00e0 notre plateforme de streaming.<\/li>\n<li>Frais de port inclus.<\/li>\n<\/ul>\n","protected":false},"featured_media":0,"comment_status":"closed","ping_status":"closed","template":"","meta":[],"_links":{"self":[{"href":"https:\/\/www.jetuil.asso.fr\/index.php\/wp-json\/wp\/v2\/product\/4000"}],"collection":[{"href":"https:\/\/www.jetuil.asso.fr\/index.php\/wp-json\/wp\/v2\/product"}],"about":[{"href":"https:\/\/www.jetuil.asso.fr\/index.php\/wp-json\/wp\/v2\/types\/product"}],"replies":[{"embeddable":true,"href":"https:\/\/www.jetuil.asso.fr\/index.php\/wp-json\/wp\/v2\/comments?post=4000"}],"wp:attachment":[{"href":"https:\/\/www.jetuil.asso.fr\/index.php\/wp-json\/wp\/v2\/media?parent=4000"}],"curies":[{"name":"wp","href":"https:\/\/api.w.org\/{rel}","templated":true}]}}